{"id":910,"date":"2019-02-20T19:44:13","date_gmt":"2019-02-20T18:44:13","guid":{"rendered":"https:\/\/www.imkerverein-friedberg.de\/?page_id=910"},"modified":"2026-03-19T18:49:49","modified_gmt":"2026-03-19T17:49:49","slug":"voelkerzahlmeldung","status":"publish","type":"page","link":"https:\/\/www.imkerverein-friedberg.de\/?page_id=910","title":{"rendered":"V\u00f6lkerzahlmeldung"},"content":{"rendered":"<p>Die Anzahl Deiner\u00a0Bienenv\u00f6lker hat sich dauerhaft ge\u00e4ndert? Dann teile uns bitte die neue Anzahl mit. Hat sich die Anzahl im Laufe des Jahres erh\u00f6ht und Du\u00a0willst die Anzahl der V\u00f6lker beibehalten und versichern fallen f\u00fcr die neuen V\u00f6lker Kosten an (<a title=\"Versicherung\" href=\"https:\/\/www.imkerverein-friedberg.de\/?page_id=51\">Versicherung<\/a> und Werbebeitrag DIB). In diesem Fall werden Dir\u00a0die Kosten nachberechnet und wir buchen den entsprechenden Betrag von Deinem\u00a0Konto ab (falls Du\u00a0uns die Erlaubnis dazu erteilt hast). Bitte bedenkt, dass die Meldung der richtigen Anzahl der V\u00f6lker auch Einfluss auf die Versicherung hat. Habt Ihr einen Versicherungsfall und Ihr habt zu wenig V\u00f6lker gemeldet, hat dies eine Auswirkung auf die Entsch\u00e4digung.<\/p>\n<p>Bei Meldungen zum Jahresende (Oktober und November) werden die neuen Beitr\u00e4ge erst im n\u00e4chsten Jahr ber\u00fccksichtigt.<\/p>\n<p>Hat sich die Anzahl der V\u00f6lker reduziert werden im folgenden Jahr die Beitr\u00e4ge entsprechend reduziert.<\/p>\n<p>Bitte teile uns die \u00c4nderungen Deiner V\u00f6lkerzahlen per Mail mit an Thomas J\u00e4schke,\u00a0 <a href=\"mailto:thomas.jaeschke@imkerverein-friedberg.de?Subject=V\u00f6lkerzahl\u00e4nderung\">thomas.jaeschke@imkerverein-friedberg.de<\/a>\u00a0(\u00c4nderungen f\u00fcr das Folgejahr bitte bis Ende November).<\/p>\n","protected":false},"excerpt":{"rendered":"<p>Die Anzahl Deiner\u00a0Bienenv\u00f6lker hat sich dauerhaft ge\u00e4ndert? Dann teile uns bitte die neue Anzahl mit. Hat sich die Anzahl im Laufe des Jahres erh\u00f6ht und Du\u00a0willst die Anzahl der V\u00f6lker beibehalten und versichern fallen f\u00fcr die neuen V\u00f6lker Kosten an (Versicherung und Werbebeitrag DIB). In diesem Fall werden Dir\u00a0die Kosten nachberechnet und wir buchen den [&hellip;]<\/p>\n","protected":false},"author":1,"featured_media":0,"parent":0,"menu_order":0,"comment_status":"closed","ping_status":"closed","template":"","meta":{"wpgo_faq_disable_schema":false},"_links":{"self":[{"href":"https:\/\/www.imkerverein-friedberg.de\/index.php?rest_route=\/wp\/v2\/pages\/910"}],"collection":[{"href":"https:\/\/www.imkerverein-friedberg.de\/index.php?rest_route=\/wp\/v2\/pages"}],"about":[{"href":"https:\/\/www.imkerverein-friedberg.de\/index.php?rest_route=\/wp\/v2\/types\/page"}],"author":[{"embeddable":true,"href":"https:\/\/www.imkerverein-friedberg.de\/index.php?rest_route=\/wp\/v2\/users\/1"}],"replies":[{"embeddable":true,"href":"https:\/\/www.imkerverein-friedberg.de\/index.php?rest_route=%2Fwp%2Fv2%2Fcomments&post=910"}],"version-history":[{"count":13,"href":"https:\/\/www.imkerverein-friedberg.de\/index.php?rest_route=\/wp\/v2\/pages\/910\/revisions"}],"predecessor-version":[{"id":3497,"href":"https:\/\/www.imkerverein-friedberg.de\/index.php?rest_route=\/wp\/v2\/pages\/910\/revisions\/3497"}],"wp:attachment":[{"href":"https:\/\/www.imkerverein-friedberg.de\/index.php?rest_route=%2Fwp%2Fv2%2Fmedia&parent=910"}],"curies":[{"name":"wp","href":"https:\/\/api.w.org\/{rel}","templated":true}]}}