{"id":880,"date":"2019-01-30T09:21:02","date_gmt":"2019-01-30T08:21:02","guid":{"rendered":"https:\/\/www.imkerverein-friedberg.de\/?page_id=880"},"modified":"2026-01-19T18:20:40","modified_gmt":"2026-01-19T17:20:40","slug":"mitgliederbereich","status":"publish","type":"page","link":"https:\/\/www.imkerverein-friedberg.de\/?page_id=880","title":{"rendered":"Mitgliederbereich"},"content":{"rendered":"<h3>Auf dieser Seite findet Ihr vereinsinterne Dokumente zum Download<\/h3>\n<p><em>F\u00fcr den Zugriff auf die Dokumente wird ein Login ben\u00f6tigt. <\/em><\/p>\n<p><em>Du bist Mitglied des Imkerverein Friedberg und Umgebung e.V. und hast keine Zugangsdaten? Bitte erfrage die\u00a0Zugangsdaten\u00a0per Mail an <a href=\"mailto:kontakt@imkerverein-friedberg.de?Subject=Zugangsdaten interne Webseiten\">kontakt@imkerverein-friedberg.de<\/a>.<\/em><\/p>\n<h4>Vortr\u00e4ge<\/h4>\n<ul>\n<li style=\"list-style-type: none;\">\n<ul>\n<li style=\"list-style-type: none;\">\n<ul><!--\n \t\n\n<li><a href=\"https:\/\/www.imkerverein-friedberg.de\/intern\/\"><\/a><\/li>\n\n\n--><\/p>\n<li><a href=\"https:\/\/www.imkerverein-friedberg.de\/intern\/20250821-VortragVelutina-BasispdfCarolinRein.pdf\">Vortrag Asiatische Hornisse &#8211; Simone J\u00e4ger &#8211; 21. August 2025<\/a><\/li>\n<\/ul>\n<\/li>\n<\/ul>\n<\/li>\n<\/ul>\n<h4>Zuchtgruppe<\/h4>\n<ul>\n<li style=\"list-style-type: none;\">\n<ul>\n<li style=\"list-style-type: none;\">\n<ul>\n<li><a href=\"https:\/\/www.imkerverein-friedberg.de\/intern\/Zucht\/Handout_Modul1.pdf\">Handout_Modul1.pdf<\/a><\/li>\n<li><a href=\"https:\/\/www.imkerverein-friedberg.de\/intern\/Zucht\/Praesentation_Modul1.pdf\">Prasentation_Modul1.pdf<\/a><\/li>\n<li><a href=\"https:\/\/www.imkerverein-friedberg.de\/intern\/Zucht\/Praesentation_Modul2.pdf\">Prasentation_Modul2.pdf<\/a><\/li>\n<\/ul>\n<\/li>\n<\/ul>\n<\/li>\n<\/ul>\n<h4>Jahrb\u00fccher<\/h4>\n<ul>\n<li style=\"list-style-type: none;\">\n<ul>\n<li style=\"list-style-type: none;\">\n<ul>\n<li><a href=\"https:\/\/www.imkerverein-friedberg.de\/intern\/Imkerjahrbuch_2022.pdf\">Jahrbuch 2022<\/a> (PDF-Datei, 13 MB)<\/li>\n<li><a href=\"https:\/\/www.imkerverein-friedberg.de\/intern\/Imkerjahrbuch_2021.pdf\">Jahrbuch 2021<\/a> (PDF-Datei, 38 MB)<\/li>\n<li><a href=\"https:\/\/www.imkerverein-friedberg.de\/intern\/Imkerjahrbuch_2020.pdf\">Jahrbuch 2020<\/a> (PDF-Datei, 33 MB)<\/li>\n<li><a href=\"https:\/\/www.imkerverein-friedberg.de\/intern\/Imkerjahrbuch_2019.pdf\">Jahrbuch 2019<\/a> (PDF-Datei, 18 MB)<\/li>\n<li><a href=\"https:\/\/www.imkerverein-friedberg.de\/intern\/Imkerjahrbuch_2018.pdf\">Jahrbuch 2018<\/a> (PDF-Datei, 17 MB)<\/li>\n<li><a href=\"https:\/\/www.imkerverein-friedberg.de\/intern\/Imkerjahrbuch_2017.pdf\">Jahrbuch 2017<\/a> (PDF-Datei, 51 MB)<\/li>\n<li><a href=\"https:\/\/www.imkerverein-friedberg.de\/intern\/Imkerjahrbuch_2016.pdf\">Jahrbuch 2016<\/a> (PDF-Datei, 35 MB)<\/li>\n<li><a href=\"https:\/\/www.imkerverein-friedberg.de\/intern\/Imkerjahrbuch_2015.pdf\">Jahrbuch 2015<\/a> (PDF-Datei, 38 MB)<\/li>\n<\/ul>\n<\/li>\n<\/ul>\n<\/li>\n<\/ul>\n<h4>Mitgliederinformationen<\/h4>\n<ul>\n<li style=\"list-style-type: none;\">\n<ul>\n<li style=\"list-style-type: none;\">\n<ul><!--\n \t\n\n<li><a href=\"https:\/\/www.imkerverein-friedberg.de\/intern\/\"><\/a><\/li>\n\n\n--><\/p>\n<li><a href=\"https:\/\/www.imkerverein-friedberg.de\/intern\/Mitgliederinfo_20220604.pdf\">04. Juni 2022<\/a><\/li>\n<li><a href=\"https:\/\/www.imkerverein-friedberg.de\/intern\/Mitgliederinfo_20220329.pdf\">29. M\u00e4rz 2022<\/a><\/li>\n<li><a href=\"https:\/\/www.imkerverein-friedberg.de\/intern\/Rundschreiben_12_2021.pdf\">17. Dezember 2021<\/a><\/li>\n<li><a href=\"https:\/\/www.imkerverein-friedberg.de\/intern\/Mitgliederinfo_20211027.pdf\">27. Oktober 2021<\/a><\/li>\n<li><a href=\"https:\/\/www.imkerverein-friedberg.de\/intern\/Mitgliederinfo_April_2020.pdf\">6. April 2020<\/a><\/li>\n<li><a href=\"https:\/\/www.imkerverein-friedberg.de\/intern\/Rundschreiben_12_2019.pdf\">18. Dezember 2019<\/a><\/li>\n<li><a href=\"https:\/\/www.imkerverein-friedberg.de\/intern\/Mitgliederinfo_20191130.pdf\">30. November 2019<\/a><\/li>\n<li><a href=\"https:\/\/www.imkerverein-friedberg.de\/intern\/Mitgliederinfo_20191012.pdf\">12. Oktober 2019<\/a><\/li>\n<li><a href=\"https:\/\/www.imkerverein-friedberg.de\/intern\/Mitgliederinfo_20190825.pdf\">25. August 2019<\/a><\/li>\n<li><a href=\"https:\/\/www.imkerverein-friedberg.de\/intern\/Mitgliederinfo_20190526.pdf\">26. Mai 2019<\/a><\/li>\n<li><a href=\"https:\/\/www.imkerverein-friedberg.de\/intern\/Mitgliederinfo_20190227.pdf\">27. Februar 2019<\/a><\/li>\n<li><a href=\"https:\/\/www.imkerverein-friedberg.de\/intern\/Mitgliederinfo_20190202.pdf\">2. Februar 2019<\/a><\/li>\n<li><a href=\"https:\/\/www.imkerverein-friedberg.de\/intern\/Mitgliederinfo_20181222.pdf\">22. Dezember 2018<\/a><\/li>\n<li><a href=\"https:\/\/www.imkerverein-friedberg.de\/intern\/Mitgliederinfo_20181110.pdf\">10. November 2018<\/a><\/li>\n<li><a href=\"https:\/\/www.imkerverein-friedberg.de\/intern\/Mitgliederinfo_20181014.pdf\">14. Oktober 2018<\/a><\/li>\n<li><a href=\"https:\/\/www.imkerverein-friedberg.de\/intern\/Mitgliederinfo_20180905.pdf\">5. September 2018<\/a><\/li>\n<li><a href=\"https:\/\/www.imkerverein-friedberg.de\/intern\/Mitgliederinfo_20180702.pdf\">2. Juli 2018<\/a><\/li>\n<li><a href=\"https:\/\/www.imkerverein-friedberg.de\/intern\/Mitgliederinfo_20180531.pdf\">31. Mai 2018<\/a><\/li>\n<\/ul>\n<\/li>\n<\/ul>\n<\/li>\n<\/ul>\n<h4>H\u00fcttenbau<\/h4>\n<ul>\n<li style=\"list-style-type: none;\">\n<ul>\n<li style=\"list-style-type: none;\">\n<ul><!--\n \t\n\n<li><a href=\"https:\/\/www.imkerverein-friedberg.de\/intern\/\"><\/a><\/li>\n\n\n--><\/p>\n<li><a href=\"https:\/\/www.imkerverein-friedberg.de\/intern\/Mitbenutzungsvertrag_unterschieben.pdf\">Mitbenutzungsvertrag<\/a>\u00a0(PDF-Datei, 11 MB)<\/li>\n<li><a href=\"https:\/\/www.imkerverein-friedberg.de\/intern\/\u00c4nderungsantrag_20200122.pdf\">Bauantrag 21. Januar 2020<\/a>\u00a0(PDF-Datei, 4\u00a0MB)<\/li>\n<\/ul>\n<\/li>\n<\/ul>\n<\/li>\n<\/ul>\n<h4>Sonstiges<\/h4>\n<ul>\n<li style=\"list-style-type: none;\">\n<ul><!--\n \t\n\n<li><a href=\"https:\/\/www.imkerverein-friedberg.de\/intern\/\"><\/a><\/li>\n\n\n--><\/p>\n<li><a href=\"https:\/\/www.imkerverein-friedberg.de\/intern\/Protokoll_Jahreshauptversammlung_2025.pdf\">Protokoll der Jahreshauptversammlung vom 16. Februar 2025<\/a><\/li>\n<li><a href=\"https:\/\/www.imkerverein-friedberg.de\/intern\/Pr\u00e4sentation_JHV_2025.pdf\">Pr\u00e4sentation Jahreshauptversammlung 16. Februar 2025<\/a><\/li>\n<li><a href=\"https:\/\/www.imkerverein-friedberg.de\/intern\/Protokoll_Jahreshauptversammlung_2024.pdf\">Protokoll der Jahreshauptversammlung vom 18. Februar 2024<\/a><\/li>\n<li><a href=\"https:\/\/www.imkerverein-friedberg.de\/intern\/Protokoll_Jahreshauptversammlung_2023.pdf\">Protokoll der Jahreshauptversammlung vom 26. Februar 2023<\/a><\/li>\n<li><a href=\"https:\/\/www.imkerverein-friedberg.de\/intern\/Protokoll_JHV_IKV_30-05-2022.pdf\">Protokoll der Jahreshauptversammlung Imkerkreisverein Wetterau vom 30. Mai 2022<\/a><\/li>\n<li><a href=\"https:\/\/www.imkerverein-friedberg.de\/intern\/Protokoll_Jahreshauptversammlung_2022.pdf\">Protokoll der Jahreshauptversammlung vom 02. Juni 2022<\/a><\/li>\n<li><a href=\"https:\/\/www.imkerverein-friedberg.de\/intern\/Protokoll_Jahreshauptversammlung_2021.pdf\">Protokoll der Jahreshauptversammlung vom 25. Juli 2021<\/a><\/li>\n<li><a href=\"https:\/\/www.imkerverein-friedberg.de\/intern\/Protokoll_Jahreshauptversammlung_2020.pdf\">Protokoll der Jahreshauptversammlung vom 16. Februar 2020<\/a><\/li>\n<li><a href=\"https:\/\/www.imkerverein-friedberg.de\/intern\/Antraege_Vertreterversammlung_2021.pdf\">Antr\u00e4ge an die Vertreterversammlung des LHI 2021<\/a><\/li>\n<li><a href=\"https:\/\/www.imkerverein-friedberg.de\/intern\/Antr\u00e4ge_an_die_Vertreterversammlung_LHI_2020.pdf\">Antr\u00e4ge an die Vertreterversammlung des LHI 2020<\/a><\/li>\n<\/ul>\n<\/li>\n<\/ul>\n","protected":false},"excerpt":{"rendered":"<p>Auf dieser Seite findet Ihr vereinsinterne Dokumente zum Download F\u00fcr den Zugriff auf die Dokumente wird ein Login ben\u00f6tigt. Du bist Mitglied des Imkerverein Friedberg und Umgebung e.V. und hast keine Zugangsdaten? Bitte erfrage die\u00a0Zugangsdaten\u00a0per Mail an kontakt@imkerverein-friedberg.de. Vortr\u00e4ge Vortrag Asiatische Hornisse &#8211; Simone J\u00e4ger &#8211; 21. August 2025 Zuchtgruppe Handout_Modul1.pdf Prasentation_Modul1.pdf Prasentation_Modul2.pdf Jahrb\u00fccher Jahrbuch [&hellip;]<\/p>\n","protected":false},"author":1,"featured_media":0,"parent":0,"menu_order":0,"comment_status":"closed","ping_status":"closed","template":"","meta":{"wpgo_faq_disable_schema":false},"_links":{"self":[{"href":"https:\/\/www.imkerverein-friedberg.de\/index.php?rest_route=\/wp\/v2\/pages\/880"}],"collection":[{"href":"https:\/\/www.imkerverein-friedberg.de\/index.php?rest_route=\/wp\/v2\/pages"}],"about":[{"href":"https:\/\/www.imkerverein-friedberg.de\/index.php?rest_route=\/wp\/v2\/types\/page"}],"author":[{"embeddable":true,"href":"https:\/\/www.imkerverein-friedberg.de\/index.php?rest_route=\/wp\/v2\/users\/1"}],"replies":[{"embeddable":true,"href":"https:\/\/www.imkerverein-friedberg.de\/index.php?rest_route=%2Fwp%2Fv2%2Fcomments&post=880"}],"version-history":[{"count":50,"href":"https:\/\/www.imkerverein-friedberg.de\/index.php?rest_route=\/wp\/v2\/pages\/880\/revisions"}],"predecessor-version":[{"id":3417,"href":"https:\/\/www.imkerverein-friedberg.de\/index.php?rest_route=\/wp\/v2\/pages\/880\/revisions\/3417"}],"wp:attachment":[{"href":"https:\/\/www.imkerverein-friedberg.de\/index.php?rest_route=%2Fwp%2Fv2%2Fmedia&parent=880"}],"curies":[{"name":"wp","href":"https:\/\/api.w.org\/{rel}","templated":true}]}}