{"id":66,"date":"2018-03-29T17:26:15","date_gmt":"2018-03-29T16:26:15","guid":{"rendered":"https:\/\/ivfb.ai1.de\/?page_id=66"},"modified":"2026-03-20T18:59:07","modified_gmt":"2026-03-20T17:59:07","slug":"impressum","status":"publish","type":"page","link":"https:\/\/www.imkerverein-friedberg.de\/?page_id=66","title":{"rendered":"Impressum"},"content":{"rendered":"<h2>Imkerverein Friedberg und Umgebung e.V.<\/h2>\n<p>(Friedberg\/Hessen)<\/p>\n<h4><b>Vertreten durch<\/b><\/h4>\n<p><s>Andreas Ihl (Vorstandssprecher)<br \/>\nM\u00fchlgasse 10<br \/>\n35519 Rockenberg<br \/>\nTel. 06033\/9262 806<br \/>\n<span id=\"cloak085fefaecc020c36eea5e3fc551a618f\"><a href=\"mailto:kontakt@imkerverein-friedberg.de\">andreas.ihl@imkerverein-friedberg.de<\/a><\/span><br \/>\n<\/s><br \/>\nden <a href=\"https:\/\/www.imkerverein-friedberg.de\/?page_id=37\">Vorstand<\/a><\/p>\n<h4>Registergericht<\/h4>\n<p>Amtsgericht Friedberg &#8211; Registernummer: VR 611<\/p>\n<h4>Verantwortlich f\u00fcr den Inhalt nach \u00a7 55 Abs. 2 RStV:<\/h4>\n<p><s>Andreas Ihl<br \/>\nKontaktdaten s.o.<\/s><\/p>\n<hr \/>\n<p>Die Bilder und Texte dieser Webseite sind urheberrechtlich gesch\u00fctzt. Bei unautorisierter Nutzung werden wir gem\u00e4\u00df \u00a797 Urheberrechtsgesetz entsprechend Schadensersatz verlangen.<\/p>\n<p>Die Speicherung oder kommerzielle Nutzung unserer Adressdaten (auch der E-Mail Adressen) ist hiermit untersagt.<br \/>\nBei Zuwiderhandlung erstatten wir umgehend Strafanzeige und machen f\u00fcr die uns entstehenden Kosten (Arbeitszeit, Rechtsberatung, usw.) zivilrechtlich Schadensersatzanspr\u00fcche geltend.<\/p>\n<p>&nbsp;<\/p>\n<p>&nbsp;<\/p>\n","protected":false},"excerpt":{"rendered":"<p>Imkerverein Friedberg und Umgebung e.V. (Friedberg\/Hessen) Vertreten durch Andreas Ihl (Vorstandssprecher) M\u00fchlgasse 10 35519 Rockenberg Tel. 06033\/9262 806 andreas.ihl@imkerverein-friedberg.de den Vorstand Registergericht Amtsgericht Friedberg &#8211; Registernummer: VR 611 Verantwortlich f\u00fcr den Inhalt nach \u00a7 55 Abs. 2 RStV: Andreas Ihl Kontaktdaten s.o. Die Bilder und Texte dieser Webseite sind urheberrechtlich gesch\u00fctzt. Bei unautorisierter Nutzung werden [&hellip;]<\/p>\n","protected":false},"author":1,"featured_media":0,"parent":117,"menu_order":999,"comment_status":"closed","ping_status":"closed","template":"full-width-page-template.php","meta":{"wpgo_faq_disable_schema":false},"_links":{"self":[{"href":"https:\/\/www.imkerverein-friedberg.de\/index.php?rest_route=\/wp\/v2\/pages\/66"}],"collection":[{"href":"https:\/\/www.imkerverein-friedberg.de\/index.php?rest_route=\/wp\/v2\/pages"}],"about":[{"href":"https:\/\/www.imkerverein-friedberg.de\/index.php?rest_route=\/wp\/v2\/types\/page"}],"author":[{"embeddable":true,"href":"https:\/\/www.imkerverein-friedberg.de\/index.php?rest_route=\/wp\/v2\/users\/1"}],"replies":[{"embeddable":true,"href":"https:\/\/www.imkerverein-friedberg.de\/index.php?rest_route=%2Fwp%2Fv2%2Fcomments&post=66"}],"version-history":[{"count":17,"href":"https:\/\/www.imkerverein-friedberg.de\/index.php?rest_route=\/wp\/v2\/pages\/66\/revisions"}],"predecessor-version":[{"id":3499,"href":"https:\/\/www.imkerverein-friedberg.de\/index.php?rest_route=\/wp\/v2\/pages\/66\/revisions\/3499"}],"up":[{"embeddable":true,"href":"https:\/\/www.imkerverein-friedberg.de\/index.php?rest_route=\/wp\/v2\/pages\/117"}],"wp:attachment":[{"href":"https:\/\/www.imkerverein-friedberg.de\/index.php?rest_route=%2Fwp%2Fv2%2Fmedia&parent=66"}],"curies":[{"name":"wp","href":"https:\/\/api.w.org\/{rel}","templated":true}]}}