{"id":61,"date":"2018-03-29T17:23:31","date_gmt":"2018-03-29T16:23:31","guid":{"rendered":"https:\/\/ivfb.ai1.de\/?page_id=61"},"modified":"2026-02-24T18:47:36","modified_gmt":"2026-02-24T17:47:36","slug":"honigverkauf","status":"publish","type":"page","link":"https:\/\/www.imkerverein-friedberg.de\/?page_id=61","title":{"rendered":"Honigverkauf"},"content":{"rendered":"<p><span style=\"font-family: 'Playfair Display', Georgia, serif; font-size: 2em; font-weight: bold; line-height: 37px;\"><img loading=\"lazy\" class=\"alignright wp-image-505 size-thumbnail\" src=\"https:\/\/www.imkerverein-friedberg.de\/wp-content\/uploads\/2018\/03\/glaesermittel-150x150.png\" alt=\"glaesermittel\" width=\"150\" height=\"150\" srcset=\"https:\/\/www.imkerverein-friedberg.de\/wp-content\/uploads\/2018\/03\/glaesermittel-150x150.png 150w, https:\/\/www.imkerverein-friedberg.de\/wp-content\/uploads\/2018\/03\/glaesermittel-88x88.png 88w\" sizes=\"(max-width: 150px) 100vw, 150px\" \/>Unter folgenden Adressen erhalten Sie \u201edas fl\u00fcssige Gold der Region\u201c<\/span><\/p>\r\n<p>&nbsp;<\/p>\r\n<p>&nbsp;<\/p>\r\n<p>&nbsp;<\/p>\r\n<p><!--\r\n<tr valign=\"top\">\r\n<td width=\"50%\"><\/td>\r\n\r\n\r\n<td width=\"50%\"><\/td>\r\n\r\n\r\n<\/tr>\r\n\r\n\r\n--><\/p>\r\n<table width=\"100%\" cellspacing=\"0\" cellpadding=\"4\"><colgroup> <col width=\"128*\" \/> <col width=\"128*\" \/> <\/colgroup>\r\n<tbody>\r\n<tr valign=\"top\">\r\n<td width=\"50%\">\r\n<p><a href=\"https:\/\/www.imkerverein-friedberg.de\/wp-content\/uploads\/2020\/06\/honig.jpeg\"><img loading=\"lazy\" class=\"aligncenter wp-image-1400 size-medium\" src=\"https:\/\/www.imkerverein-friedberg.de\/wp-content\/uploads\/2020\/06\/honig-300x251.jpeg\" alt=\"\" width=\"300\" height=\"251\" srcset=\"https:\/\/www.imkerverein-friedberg.de\/wp-content\/uploads\/2020\/06\/honig-300x251.jpeg 300w, https:\/\/www.imkerverein-friedberg.de\/wp-content\/uploads\/2020\/06\/honig.jpeg 425w\" sizes=\"(max-width: 300px) 100vw, 300px\" \/><\/a><\/p>\r\n<\/td>\r\n<td width=\"50%\">\r\n<h5><b>Petra und Ernst Ruppel<\/b><\/h5>\r\n<p>Schwalheimer Str. 24 a<br \/>61169 Friedberg-Dorheim<br \/>Tel. 06031\/14655<\/p>\r\n<\/td>\r\n<\/tr>\r\n<tr valign=\"top\">\r\n<td width=\"50%\">\r\n<h5><b style=\"font-size: 1em;\">Bienenhof Rockenberg<\/b><\/h5>\r\n<p>Anne M\u00fchlemeier &amp; Andreas Ihl<br \/>M\u00fchlgasse 10<br \/>35519 Rockenberg<br \/>Tel. <a href=\"tel:+4960339278967\">06033 927 8967<\/a><br \/><a href=\"mailto:honig@bienenhof-rockenberg.de\">honig@bienenhof-rockenberg.de<\/a><br \/><a style=\"font-size: 1em;\" href=\"https:\/\/www.bienenhof-rockenberg.de\" target=\"_blank\" rel=\"noopener noreferrer\">www.bienenhof-rockenberg.de<\/a><\/p>\r\n<\/td>\r\n<td width=\"50%\">\r\n<h5><b>Imkerei J\u00e4ger<\/b><\/h5>\r\n<p>Gutenbergstr. 17<br \/>61169 Friedberg<br \/>Tel. 06031\/64075 (Bitte acht mal klingeln lassen f\u00fcr Umleitung auf Mobil.)<br \/><a href=\"mailto:Imkerei.jaeger@posteo.de\">Imkerei.jaeger@posteo.de<\/a><\/p>\r\n<p>&nbsp;<\/p>\r\n<\/td>\r\n<\/tr>\r\n<tr valign=\"top\">\r\n<td width=\"50%\">\r\n<h5><b>Britta M\u00f6rschel<\/b><\/h5>\r\n<p>Im M\u00f6rsfeld 7a<br \/>61200 W\u00f6lfersheim<br \/>Tel. 06036\/980050<br \/><a href=\"mailto:f.moerschel@t-online.de\">f.moerschel@t-online.de<\/a><\/p>\r\n<\/td>\r\n<td width=\"50%\">\r\n<p><a href=\"https:\/\/www.imkerverein-friedberg.de\/wp-content\/uploads\/2020\/06\/honig.jpeg\"><img loading=\"lazy\" class=\"aligncenter wp-image-1400 size-medium\" src=\"https:\/\/www.imkerverein-friedberg.de\/wp-content\/uploads\/2020\/06\/honig-300x251.jpeg\" alt=\"\" width=\"300\" height=\"251\" srcset=\"https:\/\/www.imkerverein-friedberg.de\/wp-content\/uploads\/2020\/06\/honig-300x251.jpeg 300w, https:\/\/www.imkerverein-friedberg.de\/wp-content\/uploads\/2020\/06\/honig.jpeg 425w\" sizes=\"(max-width: 300px) 100vw, 300px\" \/><\/a><\/p>\r\n<\/td>\r\n<\/tr>\r\n<tr valign=\"top\">\r\n<td width=\"50%\">\r\n<h5><b>Peter Schulze<\/b><\/h5>\r\n<p>Goldsteinstra\u00dfe 3 b<br \/>61231 Bad Nauheim<br \/>Tel. 0173\/3755689<br \/><a href=\"mailto:peter@schulzefam.de\">peter@schulzefam.de<\/a><\/p>\r\n<\/td>\r\n<td width=\"50%\">\r\n<h5><b>Armin Maier<\/b><\/h5>\r\n<p>Untergasse 32a<br \/>61184 Karben<br \/>Tel. 0171\/7908338<br \/><a href=\"mailto:maier-karben@gmx.de\" target=\"_blank\" rel=\"noopener noreferrer\">maier-karben@gmx.de<\/a><\/p>\r\n<\/td>\r\n<\/tr>\r\n<tr valign=\"top\">\r\n<td width=\"50%\">\r\n<h5><b>Heike Hora-Radtke &amp; Erik Radtke<\/b><\/h5>\r\n<p>Lindenstra\u00dfe 26<br \/>61169 Friedberg<br \/>Tel. 0171\/5571208<br \/><a href=\"mailto:info@bluetenzauber.eu\">info@bluetenzauber.eu<\/a><\/p>\r\n<\/td>\r\n<td width=\"50%\">\r\n<h5><b>Justyna &amp; Timo Smietana<\/b><\/h5>\r\n<p>Am Vogelrain 4<br \/>61169 Bruchenbr\u00fccken<br \/>Tel. 0179 5182098 oder<br \/>0152 24448419<br \/><a href=\"mailto:t.smietana@gmx.de\">t.smietana@gmx.de<\/a><\/p>\r\n<\/td>\r\n<\/tr>\r\n<tr valign=\"top\">\r\n<td width=\"50%\">\r\n<h5>Imkerei Schnella<\/h5>\r\n<p>Barbarastra\u00dfe 5<br \/>61231 Bad Nauheim<\/p>\r\n<p>Tel. 0170 \/ 329 1 329<br \/><a href=\"mailto:imkerei@schnella.de\">imkerei@schnella.de<\/a><\/p>\r\n<\/td>\r\n<td width=\"50%\">\r\n<h5><b>Imkerei Klaus und Christian Nadler<\/b><\/h5>\r\n<p>Wiesenweg 8<br \/>61239 Ober-M\u00f6rlen<br \/>Tel.: 06002\/ 5304<br \/>Mobil: 01717586877 od. 01722487851<br \/><a href=\"mailto:Ilona.nadler@t-online.de\">Ilona.nadler@t-online.de<\/a><\/p>\r\n<p>Honig in 500g DIB Gl\u00e4sern oder gr\u00f6\u00dferen Gebinden erh\u00e4ltlich<\/p>\r\n<\/td>\r\n<\/tr>\r\n<\/tbody>\r\n<\/table>\r\n\r\n<p><em>Liebe Vereinsmitglieder, <br \/>wenn Ihr auch hier auf dieser Liste stehen wollt, oder wir Euren Eintrag entfernen sollen, schickt bitte eine Mail an kontakt@imkerverein-friedberg.de.<\/em><\/p>\r\n","protected":false},"excerpt":{"rendered":"<p>Unter folgenden Adressen erhalten Sie \u201edas fl\u00fcssige Gold der Region\u201c &nbsp; &nbsp; &nbsp; Petra und Ernst Ruppel Schwalheimer Str. 24 a61169 Friedberg-DorheimTel. 06031\/14655 Bienenhof Rockenberg Anne M\u00fchlemeier &amp; Andreas IhlM\u00fchlgasse 1035519 RockenbergTel. 06033 927 8967honig@bienenhof-rockenberg.dewww.bienenhof-rockenberg.de Imkerei J\u00e4ger Gutenbergstr. 1761169 FriedbergTel. 06031\/64075 (Bitte acht mal klingeln lassen f\u00fcr Umleitung auf Mobil.)Imkerei.jaeger@posteo.de &nbsp; Britta M\u00f6rschel Im M\u00f6rsfeld [&hellip;]<\/p>\n","protected":false},"author":1,"featured_media":0,"parent":28,"menu_order":0,"comment_status":"closed","ping_status":"closed","template":"full-width-page-template.php","meta":{"wpgo_faq_disable_schema":false},"_links":{"self":[{"href":"https:\/\/www.imkerverein-friedberg.de\/index.php?rest_route=\/wp\/v2\/pages\/61"}],"collection":[{"href":"https:\/\/www.imkerverein-friedberg.de\/index.php?rest_route=\/wp\/v2\/pages"}],"about":[{"href":"https:\/\/www.imkerverein-friedberg.de\/index.php?rest_route=\/wp\/v2\/types\/page"}],"author":[{"embeddable":true,"href":"https:\/\/www.imkerverein-friedberg.de\/index.php?rest_route=\/wp\/v2\/users\/1"}],"replies":[{"embeddable":true,"href":"https:\/\/www.imkerverein-friedberg.de\/index.php?rest_route=%2Fwp%2Fv2%2Fcomments&post=61"}],"version-history":[{"count":51,"href":"https:\/\/www.imkerverein-friedberg.de\/index.php?rest_route=\/wp\/v2\/pages\/61\/revisions"}],"predecessor-version":[{"id":3444,"href":"https:\/\/www.imkerverein-friedberg.de\/index.php?rest_route=\/wp\/v2\/pages\/61\/revisions\/3444"}],"up":[{"embeddable":true,"href":"https:\/\/www.imkerverein-friedberg.de\/index.php?rest_route=\/wp\/v2\/pages\/28"}],"wp:attachment":[{"href":"https:\/\/www.imkerverein-friedberg.de\/index.php?rest_route=%2Fwp%2Fv2%2Fmedia&parent=61"}],"curies":[{"name":"wp","href":"https:\/\/api.w.org\/{rel}","templated":true}]}}