{"id":59,"date":"2018-03-29T17:22:29","date_gmt":"2018-03-29T16:22:29","guid":{"rendered":"https:\/\/ivfb.ai1.de\/?page_id=59"},"modified":"2026-05-05T17:02:25","modified_gmt":"2026-05-05T15:02:25","slug":"schwarmfang","status":"publish","type":"page","link":"https:\/\/www.imkerverein-friedberg.de\/?page_id=59","title":{"rendered":"Bienenschwarm"},"content":{"rendered":"<div class=\"page-header\">\r\n<h2>Bienenschwarm? Wir helfen Ihnen!<\/h2>\r\n<\/div>\r\n<div>\r\n<p><a href=\"https:\/\/www.imkerverein-friedberg.de\/wp-content\/uploads\/2018\/03\/schwarm2.jpg\" target=\"_blank\" rel=\"noopener noreferrer\"><img loading=\"lazy\" class=\" wp-image-515 size-medium alignright\" src=\"https:\/\/www.imkerverein-friedberg.de\/wp-content\/uploads\/2018\/03\/schwarm2-192x300.jpg\" alt=\"\" width=\"192\" height=\"300\" srcset=\"https:\/\/www.imkerverein-friedberg.de\/wp-content\/uploads\/2018\/03\/schwarm2-192x300.jpg 192w, https:\/\/www.imkerverein-friedberg.de\/wp-content\/uploads\/2018\/03\/schwarm2.jpg 512w\" sizes=\"(max-width: 192px) 100vw, 192px\" \/><\/a>Zwischen Mitte April und Juni kann es passieren, dass ein Teil des Bienenvolkes den Stock verl\u00e4sst, summend umherfliegt und sich an einem Ast oder einem Vorsprung niederl\u00e4sst. Dieses &#8220;Ausschw\u00e4rmen&#8221; ist die nat\u00fcrliche Art der Bienen, sich zu vermehren. F\u00fcr Laien ist so eine summende Bienentraube oftmals ein be\u00e4ngstigendes Erlebnis. Doch keine Angst!<\/p>\r\n<p>Sollte sich bei Ihnen ein herrenloser Schwarm niedergelassen haben, werden Sie bitte nicht selbst aktiv. Rufen Sie uns an! Dann schw\u00e4rmen wir f\u00fcr Sie aus &#8211; und fangen ihn ein!<\/p>\r\n<h2>Hier finden Sie Hilfe in Ihrer N\u00e4he:<\/h2>\r\n<p><strong><span style=\"color: #3366ff;\">Sortiert nach PLZ.<\/span><\/strong><\/p>\r\n<ul>\r\n<li style=\"list-style-type: none;\">\r\n<ul>\r\n<li style=\"list-style-type: none;\">\r\n<ul>\r\n<li><strong>35519 Rockenberg<\/strong>, Anne M\u00fchlemeier &amp; Andreas Ihl, M\u00fchlgasse 10, Mobil:\u00a00176\/6165 9129 oder 0176\/3777 8607,\u00a0Tel.: 06033 927 8967, <span id=\"cloakbae306389322bfd31b0dca683a9b8789\"><a href=\"mailto:bienenschwarm@bienenhof-rockenberg.de\">bienenschwarm@bienenhof-rockenberg.de<\/a><\/span><\/li>\r\n<li><strong>61169 Friedberg<\/strong>, Simone J\u00e4ger, Gutenbergstr. 17, Tel. 06031\/64075 (Bitte acht mal klingeln lassen f\u00fcr Umleitung auf Mobil.)<\/li>\r\n<li><strong>61169 Friedberg<\/strong>, Paula und Volkmar Heitmann, Gebr\u00fcder-Lang-Str. 39H, Tel.: 01525- 1390 585 (PH) und 0177-770 43 80 (VH), <a href=\"mailto:familie@heithom.de\">familie@heithom.de<\/a><\/li>\r\n<li><strong>61184 Karben<\/strong>,\u00a0Armin Maier,\u00a0Untergasse 32a, Tel.:\u00a00171\/7908338, <a href=\"mailto:maier-karben@gmx.de\" target=\"_blank\" rel=\"noopener noreferrer\">maier-karben@gmx.de<\/a><\/li>\r\n<li><strong>61194 Niddatal<\/strong>, Bertram Minor, Georg-B\u00fcchner-Str. 12c, Tel.: 0176\/32331761, <a href=\"mailto:bertram.minor@gmx.de\">bertram.minor@gmx.de<\/a><\/li>\r\n<li><strong>61197 Florstadt<\/strong>, Mathias Belz, Reitfeldstr. 21, Tel.: 01578 5798098<\/li>\r\n<li><strong>61200 W\u00f6lfersheim<\/strong>, Britta M\u00f6rschel, Tel: 06036\/980050<\/li>\r\n<li><strong>61203 Reichelsheim<\/strong>, Jan Hendrik Giese, Kastanienweg 6, Mobil: 0171 2876001, <a href=\"mailto:Jh.giese@online.de\">Jh.giese@online.de<\/a><\/li>\r\n<li><strong>61203 Reichelsheim<\/strong>, Uwe Binding, Haingrabenweg 1, Tel.:01771487801, <a href=\"mailto:uwe.binding@gmail.com\">uwe.binding@gmail.com<\/a><\/li>\r\n<li><strong>61203 Weckesheim<\/strong>, Kokoro Eichenwald, sammelt auch in Friedberg und Steinfurth und Umgebung, Mobil: 0175 3344577, <a href=\"mailto:Kokoro@eichenwald.org\">Kokoro@eichenwald.org<\/a><\/li>\r\n<li><strong>61206 W\u00f6llstadt<\/strong>, Johannes Albrecht, Kudlich Siedlung 1, Tel: 06034 7477<\/li>\r\n<li><strong>61209 Echzell\/Bingenheim<\/strong>, Konstantin Orlowski, Tel.: 0176 49888257<\/li>\r\n<li><strong>61209 Echzell<\/strong>, Nicole Hummel, Feldbergstrasse 5, Tel: 01577\/4153392<\/li>\r\n<li><strong>61231 Bad Nauheim\/Steinfurth<\/strong>, Thomas Kurth, Zum Sauerbrunnen 15a, Tel.: 0178 7322095,\u00a0<a href=\"mailto:thomas.kurth@gmx.de\">thomas.kurth@gmx.de<\/a><\/li>\r\n<li><strong>61239 Ober-M\u00f6rlen<\/strong>, Jens Nahke, Mobil: 0151 42436485<\/li>\r\n<li><strong>61239 Ober-M\u00f6rlen<\/strong>, Lars Brennecke, Mobil: 0176 20287231. Auch \u00fcber WhatsApp zu erreichen.<\/li>\r\n<\/ul>\r\n<\/li>\r\n<\/ul>\r\n<\/li>\r\n<\/ul>\r\n<\/div>\r\n<p><!--\r\n \t\r\n\r\n<li><strong><\/strong><\/li>\r\n\r\n\r\n--><\/p>\r\n\r\n<p><em>Liebe Vereinsmitglieder, <br \/>wenn Ihr auch hier auf dieser Liste stehen wollt, oder wir Euren Eintrag entfernen sollen, schickt bitte eine Mail an webmaster@imkerverein-friedberg.de.<\/em><\/p>\r\n","protected":false},"excerpt":{"rendered":"<p>Bienenschwarm? Wir helfen Ihnen! Zwischen Mitte April und Juni kann es passieren, dass ein Teil des Bienenvolkes den Stock verl\u00e4sst, summend umherfliegt und sich an einem Ast oder einem Vorsprung niederl\u00e4sst. Dieses &#8220;Ausschw\u00e4rmen&#8221; ist die nat\u00fcrliche Art der Bienen, sich zu vermehren. F\u00fcr Laien ist so eine summende Bienentraube oftmals ein be\u00e4ngstigendes Erlebnis. Doch keine [&hellip;]<\/p>\n","protected":false},"author":1,"featured_media":472,"parent":26,"menu_order":0,"comment_status":"closed","ping_status":"closed","template":"full-width-page-template.php","meta":{"wpgo_faq_disable_schema":false},"_links":{"self":[{"href":"https:\/\/www.imkerverein-friedberg.de\/index.php?rest_route=\/wp\/v2\/pages\/59"}],"collection":[{"href":"https:\/\/www.imkerverein-friedberg.de\/index.php?rest_route=\/wp\/v2\/pages"}],"about":[{"href":"https:\/\/www.imkerverein-friedberg.de\/index.php?rest_route=\/wp\/v2\/types\/page"}],"author":[{"embeddable":true,"href":"https:\/\/www.imkerverein-friedberg.de\/index.php?rest_route=\/wp\/v2\/users\/1"}],"replies":[{"embeddable":true,"href":"https:\/\/www.imkerverein-friedberg.de\/index.php?rest_route=%2Fwp%2Fv2%2Fcomments&post=59"}],"version-history":[{"count":104,"href":"https:\/\/www.imkerverein-friedberg.de\/index.php?rest_route=\/wp\/v2\/pages\/59\/revisions"}],"predecessor-version":[{"id":3539,"href":"https:\/\/www.imkerverein-friedberg.de\/index.php?rest_route=\/wp\/v2\/pages\/59\/revisions\/3539"}],"up":[{"embeddable":true,"href":"https:\/\/www.imkerverein-friedberg.de\/index.php?rest_route=\/wp\/v2\/pages\/26"}],"wp:featuredmedia":[{"embeddable":true,"href":"https:\/\/www.imkerverein-friedberg.de\/index.php?rest_route=\/wp\/v2\/media\/472"}],"wp:attachment":[{"href":"https:\/\/www.imkerverein-friedberg.de\/index.php?rest_route=%2Fwp%2Fv2%2Fmedia&parent=59"}],"curies":[{"name":"wp","href":"https:\/\/api.w.org\/{rel}","templated":true}]}}