{"id":57,"date":"2018-03-29T17:22:02","date_gmt":"2018-03-29T16:22:02","guid":{"rendered":"https:\/\/ivfb.ai1.de\/?page_id=57"},"modified":"2023-03-01T14:14:05","modified_gmt":"2023-03-01T13:14:05","slug":"bienengesundheit","status":"publish","type":"page","link":"https:\/\/www.imkerverein-friedberg.de\/?page_id=57","title":{"rendered":"Bienengesundheit"},"content":{"rendered":"<h2>Bitte kauft keine Kunstschw\u00e4rme als Paketbienen aus Italien!<\/h2>\n<p>Importe aus Italien bergen das Risiko einer Einschleppung des Kleinen Beutenk\u00e4fers!<\/p>\n<p>Bei Interesse an V\u00f6lkern oder Ablegern wendet Euch statt dessen bitte\u00a0per Mail an <a href=\"mailto:anfragen@imkerverein-friedberg.de\">anfragen@imkerverein-friedberg.de<\/a> oder schaut auf unseren Marktplatz.<\/p>\n<p>Bitte fragt auch bei K\u00e4ufen aus der Region nach einem Gesundheitszeugnis!<\/p>\n<h2>Varroa<\/h2>\n<p>Varroa ist hierzulande immer noch der h\u00e4ufigste Grund f\u00fcr V\u00f6lkerverluste. Bitte kontrolliert Eure V\u00f6lker regelm\u00e4\u00dfig auf den Varroabefall.<br \/>\nWie Ihr das macht findet Ihr in einem Beitrag auf den Webseiten des Bieneninstitut Kirchhain unter <a href=\"https:\/\/llh.hessen.de\/bildung\/bieneninstitut-kirchhain\/varroadiagnose-mit-dem-bodenschieber\/\" target=\"_blank\" rel=\"noopener\">Varroadiagnose mit dem Bodenschieber<\/a>. Dort ist auch ein Video mit Anleitung verlinkt.<\/p>\n<p>Auch findet Ihr auf den Webseiten des Bieneninstitut Kirchhain Anleitungen zur naturnahen Varroabehandlung:<br \/>\n<a href=\"https:\/\/cdn.llh-hessen.de\/\/bildung\/bieneninstitut-kirchhain\/beratung-und-dienstleistungen\/publikationen\/Flyer Varroa 1 - Naturnahe Varroabehandlung 170302.pdf\" target=\"_blank\" rel=\"noopener\">Flyer Varroa 1 &#8211; Naturnahe Varroabehandlung <\/a><br \/>\n<a href=\"https:\/\/cdn.llh-hessen.de\/\/bildung\/bieneninstitut-kirchhain\/beratung-und-dienstleistungen\/publikationen\/Flyer Varroa 2 - Komplette Brutentnahme 170302.pdf\" target=\"_blank\" rel=\"noopener\">Flyer Varroa 2 &#8211; Komplette Brutentnahme <\/a><br \/>\n<a href=\"https:\/\/cdn.llh-hessen.de\/\/bildung\/bieneninstitut-kirchhain\/beratung-und-dienstleistungen\/publikationen\/Flyer Varroa 3 - Das Bannwabenverfahren 170302.pdf\" target=\"_blank\" rel=\"noopener\"> Flyer Varroa 3 &#8211; Das Bannwabenverfahren <\/a><br \/>\n<a href=\"https:\/\/cdn.llh-hessen.de\/\/bildung\/bieneninstitut-kirchhain\/beratung-und-dienstleistungen\/publikationen\/Flyer Varroa 4 - Kuenstliche Brutunterbrechung 170302.pdf\" target=\"_blank\" rel=\"noopener\"> Flyer Varroa 4 &#8211; K\u00fcnstliche Brutunterbrechung <\/a><\/p>\n<h2>Ein Volk ist eingegangen oder Ihr beobachtet Seltsames?<\/h2>\n<div id=\"attachment_475\" style=\"width: 310px\" class=\"wp-caption alignright\"><a href=\"https:\/\/www.imkerverein-friedberg.de\/wp-content\/uploads\/2018\/03\/varroa.jpg\" target=\"_blank\" rel=\"noopener noreferrer\"><img aria-describedby=\"caption-attachment-475\" loading=\"lazy\" class=\"wp-image-475 size-medium\" src=\"https:\/\/www.imkerverein-friedberg.de\/wp-content\/uploads\/2018\/03\/varroa-300x203.jpg\" alt=\"varroa\" width=\"300\" height=\"203\" srcset=\"https:\/\/www.imkerverein-friedberg.de\/wp-content\/uploads\/2018\/03\/varroa-300x203.jpg 300w, https:\/\/www.imkerverein-friedberg.de\/wp-content\/uploads\/2018\/03\/varroa.jpg 900w\" sizes=\"(max-width: 300px) 100vw, 300px\" \/><\/a><p id=\"caption-attachment-475\" class=\"wp-caption-text\">Varroa-Windelprobe<\/p><\/div>\n<p>Das kann verschiedene Ursachen haben. Leider gibt es einige Bienenkrankheiten, die den V\u00f6lkern zu schaffen machen. Besonders wenn das Immunsystem der Bienen nicht stark genug ist &#8211; zum Beispiel durch zu wenig Futter, zu feuchte und k\u00fchle Standorte, durch Parasitierung und Pestizide.<br \/>\nDiese schw\u00e4chen das Volk und machen es anf\u00e4llig f\u00fcr Viren, Bakterien und Pilze.<br \/>\nIn erster Linie hilft Pr\u00e4vention. Dazu dient vorbeugend eine gute Haltung, gute Beobachtung und speziell gegen die Varroen regelm\u00e4\u00dfige Windel- oder Puderzuckerprobe sowie die Bek\u00e4mpfung dieser Milben (bio-technisch und mit organischen S\u00e4uren nach Schadschwellen).<br \/>\nHerauszufinden, woran ein Volk leidet oder eingegangen ist, gibt Aufschluss \u00fcber eventuelle schlechte Bedingungen und hilft, die Situation zuk\u00fcnftig zu verbessern.<br \/>\nAm Anfang eines Jahres bieten wir einen Praxistag zur Untersuchung toter Bienenv\u00f6lker. Zu diesem Thema findet Ihr auch ein <a href=\"https:\/\/cdn.llh-hessen.de\/\/bildung\/bieneninstitut-kirchhain\/beratung-und-dienstleistungen\/info-und-arbeitsblaetter\/03-krankheiten-seuchenrecht-vergiftungen\/338%20-%20Untersuchung%20toter%20Bienenvoelker%20GBS%202013-02-18.pdf\" target=\"_blank\" rel=\"noopener\">Arbeitblatt<\/a> auf den Webseiten des Bieneninstitut Kirchhain.<\/p>\n<h2>Was ist los mit meinem Volk?<\/h2>\n<p>Zu Fragen der Bienengesundheit steht Euch unser Bienensachverst\u00e4ndige (BSV) Thomas J\u00e4schke\u00a0unter <a href=\"mailto:bienengesundheit@imkerverein-friedberg.de\">bienengesundheit@imkerverein-friedberg.de<\/a>\u00a0gerne zur Verf\u00fcgung.<\/p>\n<h2>Gesundheitszeugnis<\/h2>\n<p>Ihr braucht ein Gesundheitszeugnis f\u00fcr Eure Bienen?<br \/>\nFragt Thomas J\u00e4schke: <a href=\"mailto:bienengesundheit@imkerverein-friedberg.de\">bienengesundheit@imkerverein-friedberg.de<\/a><\/p>\n","protected":false},"excerpt":{"rendered":"<p>Bitte kauft keine Kunstschw\u00e4rme als Paketbienen aus Italien! Importe aus Italien bergen das Risiko einer Einschleppung des Kleinen Beutenk\u00e4fers! Bei Interesse an V\u00f6lkern oder Ablegern wendet Euch statt dessen bitte\u00a0per Mail an anfragen@imkerverein-friedberg.de oder schaut auf unseren Marktplatz. Bitte fragt auch bei K\u00e4ufen aus der Region nach einem Gesundheitszeugnis! Varroa Varroa ist hierzulande immer noch [&hellip;]<\/p>\n","protected":false},"author":1,"featured_media":533,"parent":26,"menu_order":0,"comment_status":"closed","ping_status":"closed","template":"full-width-page-template.php","meta":{"wpgo_faq_disable_schema":false},"_links":{"self":[{"href":"https:\/\/www.imkerverein-friedberg.de\/index.php?rest_route=\/wp\/v2\/pages\/57"}],"collection":[{"href":"https:\/\/www.imkerverein-friedberg.de\/index.php?rest_route=\/wp\/v2\/pages"}],"about":[{"href":"https:\/\/www.imkerverein-friedberg.de\/index.php?rest_route=\/wp\/v2\/types\/page"}],"author":[{"embeddable":true,"href":"https:\/\/www.imkerverein-friedberg.de\/index.php?rest_route=\/wp\/v2\/users\/1"}],"replies":[{"embeddable":true,"href":"https:\/\/www.imkerverein-friedberg.de\/index.php?rest_route=%2Fwp%2Fv2%2Fcomments&post=57"}],"version-history":[{"count":21,"href":"https:\/\/www.imkerverein-friedberg.de\/index.php?rest_route=\/wp\/v2\/pages\/57\/revisions"}],"predecessor-version":[{"id":2711,"href":"https:\/\/www.imkerverein-friedberg.de\/index.php?rest_route=\/wp\/v2\/pages\/57\/revisions\/2711"}],"up":[{"embeddable":true,"href":"https:\/\/www.imkerverein-friedberg.de\/index.php?rest_route=\/wp\/v2\/pages\/26"}],"wp:featuredmedia":[{"embeddable":true,"href":"https:\/\/www.imkerverein-friedberg.de\/index.php?rest_route=\/wp\/v2\/media\/533"}],"wp:attachment":[{"href":"https:\/\/www.imkerverein-friedberg.de\/index.php?rest_route=%2Fwp%2Fv2%2Fmedia&parent=57"}],"curies":[{"name":"wp","href":"https:\/\/api.w.org\/{rel}","templated":true}]}}