{"id":567,"date":"2018-04-18T16:33:51","date_gmt":"2018-04-18T15:33:51","guid":{"rendered":"https:\/\/www.imkerverein-friedberg.de\/?page_id=567"},"modified":"2026-04-12T18:28:24","modified_gmt":"2026-04-12T16:28:24","slug":"marktplatz","status":"publish","type":"page","link":"https:\/\/www.imkerverein-friedberg.de\/?page_id=567","title":{"rendered":"Marktplatz"},"content":{"rendered":"<p>Du hast Bienenv\u00f6lker zu verkaufen (bitte nach M\u00f6glichkeit mit Gesundheitszeugnis) oder suchst einen Schwarm, es fehlt noch etwas f\u00fcr Deine Imkerei oder Du willst Dich von Imkereizubeh\u00f6r trennen? Auf dieser Seite haben\u00a0<strong>Mitglieder des Imkervereins Friedberg und Umgebung e.V.<\/strong> die M\u00f6glichkeit entsprechende Anzeigen zu ver\u00f6ffentlichen.<\/p>\n<p>Die Spielregeln und den Kontakt zur Anzeigenaufgabe findest Du <a href=\"https:\/\/www.imkerverein-friedberg.de\/?page_id=569\">hier<\/a>.<\/p>\n<hr class=\"wp-block-separator\" \/>\n<h3><span style=\"color: #0000ff;\"><strong>Verkaufe<\/strong><\/span><\/h3>\n<p>4 Taunus-Zander Kunststoffmagazinbeuten beschichtet, jeweils Wanderboden, 2 Zargen und Deckel<\/p>\n<p>Patrik Jekel<br \/>\nTel.: 01573 4497355<\/p>\n<p><span style=\"color: #999999;\">23. Februar 2026<\/span><\/p>\n<hr class=\"wp-block-separator\" \/>\n<h3><span style=\"color: #0000ff;\"><strong>Verkaufe<\/strong><\/span><\/h3>\n<p><strong>Reine Bienenwachs-Mittelw\u00e4nde Zanderma\u00df<\/strong> aus eigener Imkerei.<\/p>\n<p>Ich biete, hochwertige Mittelw\u00e4nde im Zanderma\u00df aus 100 % eigenem Bienenwachs.<br \/>\nDas Wachs stammt ausschlie\u00dflich aus meinen Bienenst\u00f6cken und wurde umgearbeitet.<\/p>\n<ul>\n<li>Behandlung der V\u00f6lker ausschlie\u00dflich mit Oxal- und Ameisens\u00e4ure<\/li>\n<li>\u00a0R\u00fcckstandsarmes, naturbelassenes Wachs<\/li>\n<\/ul>\n<p>Preis: 17\u20ac pro Kilogramm<\/p>\n<p>Britta M\u00f6rschel<br \/>\nTel.: 06036\/980050<\/p>\n<p><span style=\"color: #999999;\">14. Februar 2026<\/span><\/p>\n<hr class=\"wp-block-separator\" \/>\n<h3><span style=\"color: #0000ff;\"><strong>Verkaufe<\/strong><\/span><\/h3>\n<p>Honigschleuder 4 Waben Edelstahl, Zustand wie neu<\/p>\n<p>August Weil<br \/>\nH\u00f6henweg 18<br \/>\nOppershofen<\/p>\n<p>Tel.: 06033 73492<br \/>\nMobil: 0174 6309911<\/p>\n<p><span style=\"color: #999999;\">12. September 2025<\/span><\/p>\n<hr class=\"wp-block-separator\" \/>\n","protected":false},"excerpt":{"rendered":"<p>Du hast Bienenv\u00f6lker zu verkaufen (bitte nach M\u00f6glichkeit mit Gesundheitszeugnis) oder suchst einen Schwarm, es fehlt noch etwas f\u00fcr Deine Imkerei oder Du willst Dich von Imkereizubeh\u00f6r trennen? Auf dieser Seite haben\u00a0Mitglieder des Imkervereins Friedberg und Umgebung e.V. die M\u00f6glichkeit entsprechende Anzeigen zu ver\u00f6ffentlichen. Die Spielregeln und den Kontakt zur Anzeigenaufgabe findest Du hier. Verkaufe [&hellip;]<\/p>\n","protected":false},"author":1,"featured_media":478,"parent":0,"menu_order":0,"comment_status":"closed","ping_status":"closed","template":"full-width-page-template.php","meta":{"wpgo_faq_disable_schema":false},"_links":{"self":[{"href":"https:\/\/www.imkerverein-friedberg.de\/index.php?rest_route=\/wp\/v2\/pages\/567"}],"collection":[{"href":"https:\/\/www.imkerverein-friedberg.de\/index.php?rest_route=\/wp\/v2\/pages"}],"about":[{"href":"https:\/\/www.imkerverein-friedberg.de\/index.php?rest_route=\/wp\/v2\/types\/page"}],"author":[{"embeddable":true,"href":"https:\/\/www.imkerverein-friedberg.de\/index.php?rest_route=\/wp\/v2\/users\/1"}],"replies":[{"embeddable":true,"href":"https:\/\/www.imkerverein-friedberg.de\/index.php?rest_route=%2Fwp%2Fv2%2Fcomments&post=567"}],"version-history":[{"count":280,"href":"https:\/\/www.imkerverein-friedberg.de\/index.php?rest_route=\/wp\/v2\/pages\/567\/revisions"}],"predecessor-version":[{"id":3516,"href":"https:\/\/www.imkerverein-friedberg.de\/index.php?rest_route=\/wp\/v2\/pages\/567\/revisions\/3516"}],"wp:featuredmedia":[{"embeddable":true,"href":"https:\/\/www.imkerverein-friedberg.de\/index.php?rest_route=\/wp\/v2\/media\/478"}],"wp:attachment":[{"href":"https:\/\/www.imkerverein-friedberg.de\/index.php?rest_route=%2Fwp%2Fv2%2Fmedia&parent=567"}],"curies":[{"name":"wp","href":"https:\/\/api.w.org\/{rel}","templated":true}]}}