{"id":51,"date":"2018-03-29T17:20:23","date_gmt":"2018-03-29T16:20:23","guid":{"rendered":"https:\/\/ivfb.ai1.de\/?page_id=51"},"modified":"2026-02-24T18:49:40","modified_gmt":"2026-02-24T17:49:40","slug":"versicherung","status":"publish","type":"page","link":"https:\/\/www.imkerverein-friedberg.de\/?page_id=51","title":{"rendered":"Versicherung"},"content":{"rendered":"<h2>Besser Imkern mit Sicherheit<\/h2>\n<p>Die <a href=\"https:\/\/www.imkerverein-friedberg.de\/?page_id=3139\">Beitr\u00e4ge<\/a>, die bei einer Mitgliedschaft erhoben werden, schlie\u00dfen auch Versicherungen mit ein. Versichert sind Bienenv\u00f6lker, Ableger, Beuten, eingetragene Ernte und Imkerliches Inventar jeweils bis zu einem H\u00f6chstbetrag.<br \/>\nVersicherungsschutz besteht auch f\u00fcr Sach- und Transportsch\u00e4den z.B. durch Brand, Diebstahl, Frevel, Sturm (\u00fcber Windst\u00e4rke 8), Hagel usw.<\/p>\n<p>Weiterhin besteht eine <strong>Haftpflicht- <\/strong>und eine<strong> Produkthaftpflichtversicherung<\/strong> f\u00fcr Mitglieder in ihrer Eigenschaft als Imker.<\/p>\n<p>Eine eingeschlossene <strong>Imker-Rechtschutzversicherung<\/strong> hilft, Ihre rechtlichen Interessen im Zusammenhang mit der Bienenhaltung wahrzunehmen.<\/p>\n<h3>Freiwillige Erg\u00e4nzungsversicherung (nicht im Beitrag enthalten)<\/h3>\n<p>Die Entsch\u00e4digungsbetr\u00e4ge im Rahmen der Imker-Globalversicherung der Landesverb\u00e4nde sind der H\u00f6he nach begrenzt und reichen in vielen F\u00e4llen nicht aus. Die Imker-Zusatz-Versicherung bietet die M\u00f6glichkeit, durch den Zusatzvertrag die Versicherungssummen anzuheben und nicht versicherte Sachen und Gefahren einzuschlie\u00dfen.<\/p>\n<p>Weitere Informationen zu der Imker-Globalversicherung und der Imker-Zusatz-Versicherung finden Sie auf den <a href=\"https:\/\/imkerversicherungen.de\/verbaende\/landesverband-hessischer-imker-e-v\/\" target=\"_blank\" rel=\"noopener\">Webseiten des Vertragspartners des Landesverband Hessischer Imker<\/a>.<\/p>\n<h2>Verhalten im Schadensfall<\/h2>\n<p><strong>Jeder Schaden muss besichtigt werden<\/strong> (au\u00dfer Haftpflichtsch\u00e4den).<br \/>\nSetzen Sie sich deshalb innerhalb von <strong>drei Tagen<\/strong> nach der Schadensfeststellung mit dem Vorstand des Imkervereins Friedberg und Umgebung e.V. in Verbindung.<\/p>\n<p>Wir halten auch die Formulare f\u00fcr Schadensanzeigen bereit.<br \/>\nBei Verdacht einer <strong>strafbaren Handlung<\/strong> und bei Feuersch\u00e4den ist immer eine <strong>Anzeige<\/strong> bei der Polizei erforderlich (ggfs. Strafanzeige gegen Unbekannt machen). Nur eine Meldung bei der Polizei ist oft nicht ausreichend, da dann nur selten Ermittlungen angestellt werden.<\/p>\n","protected":false},"excerpt":{"rendered":"<p>Besser Imkern mit Sicherheit Die Beitr\u00e4ge, die bei einer Mitgliedschaft erhoben werden, schlie\u00dfen auch Versicherungen mit ein. Versichert sind Bienenv\u00f6lker, Ableger, Beuten, eingetragene Ernte und Imkerliches Inventar jeweils bis zu einem H\u00f6chstbetrag. Versicherungsschutz besteht auch f\u00fcr Sach- und Transportsch\u00e4den z.B. durch Brand, Diebstahl, Frevel, Sturm (\u00fcber Windst\u00e4rke 8), Hagel usw. Weiterhin besteht eine Haftpflicht- und [&hellip;]<\/p>\n","protected":false},"author":1,"featured_media":481,"parent":21,"menu_order":550,"comment_status":"closed","ping_status":"closed","template":"full-width-page-template.php","meta":{"wpgo_faq_disable_schema":false},"_links":{"self":[{"href":"https:\/\/www.imkerverein-friedberg.de\/index.php?rest_route=\/wp\/v2\/pages\/51"}],"collection":[{"href":"https:\/\/www.imkerverein-friedberg.de\/index.php?rest_route=\/wp\/v2\/pages"}],"about":[{"href":"https:\/\/www.imkerverein-friedberg.de\/index.php?rest_route=\/wp\/v2\/types\/page"}],"author":[{"embeddable":true,"href":"https:\/\/www.imkerverein-friedberg.de\/index.php?rest_route=\/wp\/v2\/users\/1"}],"replies":[{"embeddable":true,"href":"https:\/\/www.imkerverein-friedberg.de\/index.php?rest_route=%2Fwp%2Fv2%2Fcomments&post=51"}],"version-history":[{"count":16,"href":"https:\/\/www.imkerverein-friedberg.de\/index.php?rest_route=\/wp\/v2\/pages\/51\/revisions"}],"predecessor-version":[{"id":3447,"href":"https:\/\/www.imkerverein-friedberg.de\/index.php?rest_route=\/wp\/v2\/pages\/51\/revisions\/3447"}],"up":[{"embeddable":true,"href":"https:\/\/www.imkerverein-friedberg.de\/index.php?rest_route=\/wp\/v2\/pages\/21"}],"wp:featuredmedia":[{"embeddable":true,"href":"https:\/\/www.imkerverein-friedberg.de\/index.php?rest_route=\/wp\/v2\/media\/481"}],"wp:attachment":[{"href":"https:\/\/www.imkerverein-friedberg.de\/index.php?rest_route=%2Fwp%2Fv2%2Fmedia&parent=51"}],"curies":[{"name":"wp","href":"https:\/\/api.w.org\/{rel}","templated":true}]}}