{"id":49,"date":"2018-03-29T17:20:01","date_gmt":"2018-03-29T16:20:01","guid":{"rendered":"https:\/\/ivfb.ai1.de\/?page_id=49"},"modified":"2026-03-19T18:48:48","modified_gmt":"2026-03-19T17:48:48","slug":"spenden","status":"publish","type":"page","link":"https:\/\/www.imkerverein-friedberg.de\/?page_id=49","title":{"rendered":"Spenden"},"content":{"rendered":"<h2>Spenden Sie f\u00fcr Bienen<\/h2>\n<p>Als Imker*innen sensibilisieren wir die \u00d6ffentlichkeit f\u00fcr \u00f6kologisch bedeutsame Themen: die Best\u00e4ubungsleistung der Honigbienen und ihrer wildlebenden Verwandten oder die Wichtigkeit des Erhalts von Bl\u00fchfl\u00e4chen. Unsere <a title=\"Imkerpraxistage\" href=\"https:\/\/www.imkerverein-friedberg.de\/?page_id=55\">praktischen Schulungen<\/a> auf dem <a title=\"Vereinsbienenstand\" href=\"https:\/\/www.imkerverein-friedberg.de\/?page_id=53\">Vereinslehrbienenstand<\/a> verhelfen Neuimker*innen zu guter imkerlicher Praxis, damit es ihren Bienen und der Umwelt gut geht.<\/p>\n<p>Sie wollen unsere Arbeit und den praktischen Umweltschutz durch eine Spende f\u00f6rdern? Gerne!<\/p>\n<p>Unsere Bankverbindung:<\/p>\n<pre><strong>Kontoinhaber: Imkerverein Friedberg und Umgebung e.V.\r\nBank: Sparkasse Oberhessen<\/strong>\r\n<strong>IBAN: DE15 5185 0079 0080 0002 60<\/strong>\r\n<strong>BIC: HELADEF1FRI<\/strong>\r\n<strong>Verwendungszweck: Spende<\/strong><\/pre>\n<p>Spenden an den Imkerverein Friedberg und Umgebung e.V. sind steuerlich absetzbar. Sollten Sie eine Zuwendungsbest\u00e4tigung (Spendenbescheinigung) ben\u00f6tigen, wenden Sie sich bitte per Mail an unseren Kassierer Thomas J\u00e4schke,\u00a0 <a href=\"mailto:thomas.jaeschke@imkerverein-friedberg.de?Subject=Spende\">thomas.jaeschke@imkerverein-friedberg.de<\/a><\/p>\n<p>Aktuell suchen wir Sponsoren f\u00fcr gek\u00f6rte varroaresitente Bienenv\u00f6lker (ca. 400\u20ac pro Volk). Durch die Abgabe von Zuchtmaterial dieser V\u00f6lker k\u00f6nnten wir zur Verbreitung varroaresitenter Bienen in unserem Vereinsgebiet beitragen.<\/p>\n<p>&nbsp;<\/p>\n<h2>Wir danken unseren Sponsoren:<\/h2>\n<h3>2024<\/h3>\n<h4>Sparkasse Oberhessen<\/h4>\n<p><a href=\"https:\/\/www.sparkasse-oberhessen.de\" target=\"_blank\" rel=\"noopener\"><img loading=\"lazy\" class=\"alignnone wp-image-2587\" src=\"https:\/\/www.imkerverein-friedberg.de\/wp-content\/uploads\/2022\/12\/Logo_Sparkasse_Oberhessen_300dpi_RGB.jpg\" alt=\"\" width=\"450\" height=\"200\" \/><\/a><\/p>\n<ul>\n<li>Grundf\u00f6rderung an den Imkerverein Friedberg und Umgebung e.V.<\/li>\n<\/ul>\n<h3><\/h3>\n<p><a href=\"https:\/\/www.dm.de\/\" target=\"_blank\" rel=\"noopener\"><img loading=\"lazy\" class=\"alignnone size-full wp-image-2588\" src=\"https:\/\/www.imkerverein-friedberg.de\/wp-content\/uploads\/2022\/12\/dm.png\" alt=\"\" width=\"320\" height=\"221\" \/><\/a><\/p>\n<ul>\n<li>Spende an den Imkerverein Friedberg und Umgebung e.V. im Rahmen der Aktion \u201eLust an Zukunft\u201d durch den dm-Markt in der Friedberger Kaiserstra\u00dfe f\u00fcr unser <a href=\"https:\/\/www.imkerverein-friedberg.de\/?p=3119\">Wildbienenprojekt<\/a>.<\/li>\n<\/ul>\n<h3>2023<\/h3>\n<h4>Sparkasse Oberhessen<\/h4>\n<p><a href=\"https:\/\/www.sparkasse-oberhessen.de\" target=\"_blank\" rel=\"noopener\"><img loading=\"lazy\" class=\"alignnone wp-image-2587\" src=\"https:\/\/www.imkerverein-friedberg.de\/wp-content\/uploads\/2022\/12\/Logo_Sparkasse_Oberhessen_300dpi_RGB.jpg\" alt=\"\" width=\"450\" height=\"200\" \/><\/a><\/p>\n<ul>\n<li>Grundf\u00f6rderung an den Imkerverein Friedberg und Umgebung e.V.<\/li>\n<li>F\u00f6rderung des Hessischen Honigtages 2023 in Friedberg.<\/li>\n<\/ul>\n<h4>Rebio<\/h4>\n<p><a href=\"https:\/\/www.rebio.de\/zucker\/\"><img loading=\"lazy\" class=\"alignnone wp-image-2953 size-full\" src=\"https:\/\/www.imkerverein-friedberg.de\/wp-content\/uploads\/2023\/12\/logo_rebio_trans.png\" alt=\"\" width=\"162\" height=\"100\" \/><\/a><\/p>\n<ul>\n<li>F\u00f6rderung des Hessischen Honigtages 2023 in Friedberg.<\/li>\n<\/ul>\n<hr \/>\n<h3>2022<\/h3>\n<p><a href=\"https:\/\/www.dm.de\/\" target=\"_blank\" rel=\"noopener\"><img loading=\"lazy\" class=\"alignnone size-full wp-image-2588\" src=\"https:\/\/www.imkerverein-friedberg.de\/wp-content\/uploads\/2022\/12\/dm.png\" alt=\"\" width=\"320\" height=\"221\" \/><\/a><\/p>\n<ul>\n<li>Spende an den Imkerverein Friedberg und Umgebung e.V. im Rahmen der Aktion &#8220;Mit der Natur im Einklang&#8221; durch die dm-M\u00e4rkte im Wetteraukreis.<\/li>\n<\/ul>\n","protected":false},"excerpt":{"rendered":"<p>Spenden Sie f\u00fcr Bienen Als Imker*innen sensibilisieren wir die \u00d6ffentlichkeit f\u00fcr \u00f6kologisch bedeutsame Themen: die Best\u00e4ubungsleistung der Honigbienen und ihrer wildlebenden Verwandten oder die Wichtigkeit des Erhalts von Bl\u00fchfl\u00e4chen. Unsere praktischen Schulungen auf dem Vereinslehrbienenstand verhelfen Neuimker*innen zu guter imkerlicher Praxis, damit es ihren Bienen und der Umwelt gut geht. Sie wollen unsere Arbeit und [&hellip;]<\/p>\n","protected":false},"author":1,"featured_media":485,"parent":21,"menu_order":530,"comment_status":"closed","ping_status":"closed","template":"full-width-page-template.php","meta":{"wpgo_faq_disable_schema":false},"_links":{"self":[{"href":"https:\/\/www.imkerverein-friedberg.de\/index.php?rest_route=\/wp\/v2\/pages\/49"}],"collection":[{"href":"https:\/\/www.imkerverein-friedberg.de\/index.php?rest_route=\/wp\/v2\/pages"}],"about":[{"href":"https:\/\/www.imkerverein-friedberg.de\/index.php?rest_route=\/wp\/v2\/types\/page"}],"author":[{"embeddable":true,"href":"https:\/\/www.imkerverein-friedberg.de\/index.php?rest_route=\/wp\/v2\/users\/1"}],"replies":[{"embeddable":true,"href":"https:\/\/www.imkerverein-friedberg.de\/index.php?rest_route=%2Fwp%2Fv2%2Fcomments&post=49"}],"version-history":[{"count":39,"href":"https:\/\/www.imkerverein-friedberg.de\/index.php?rest_route=\/wp\/v2\/pages\/49\/revisions"}],"predecessor-version":[{"id":3496,"href":"https:\/\/www.imkerverein-friedberg.de\/index.php?rest_route=\/wp\/v2\/pages\/49\/revisions\/3496"}],"up":[{"embeddable":true,"href":"https:\/\/www.imkerverein-friedberg.de\/index.php?rest_route=\/wp\/v2\/pages\/21"}],"wp:featuredmedia":[{"embeddable":true,"href":"https:\/\/www.imkerverein-friedberg.de\/index.php?rest_route=\/wp\/v2\/media\/485"}],"wp:attachment":[{"href":"https:\/\/www.imkerverein-friedberg.de\/index.php?rest_route=%2Fwp%2Fv2%2Fmedia&parent=49"}],"curies":[{"name":"wp","href":"https:\/\/api.w.org\/{rel}","templated":true}]}}