{"id":47,"date":"2018-03-29T17:19:44","date_gmt":"2018-03-29T16:19:44","guid":{"rendered":"https:\/\/ivfb.ai1.de\/?page_id=47"},"modified":"2022-07-02T18:56:38","modified_gmt":"2022-07-02T16:56:38","slug":"foerdermitgliedschaft","status":"publish","type":"page","link":"https:\/\/www.imkerverein-friedberg.de\/?page_id=47","title":{"rendered":"F\u00f6rdermitgliedschaft"},"content":{"rendered":"<h2>Sie schw\u00e4rmen f\u00fcr Bienen und Natur?<\/h2>\n<p>Als einer der \u00e4ltesten Imkervereine Deutschlands denken wir auch immer vorausschauend. So haben wir jetzt eine F\u00f6rdermitgliedschaft eingerichtet. F\u00fcr einen Mindestjahresbeitrag von 12,00 \u20ac oder einem von Ihnen frei gew\u00e4hlten Beitrag begr\u00fc\u00dfen wir Sie als f\u00f6rderndes Mitglied des Imkervereins Friedberg und Umgebung e.V.<\/p>\n<p>Mit Ihrem Beitrag unterst\u00fctzen Sie unsere wertvolle Arbeit zum Erhalt der Bienen in unserer Region und leisten somit auch einen wichtigen Beitrag f\u00fcr Landwirtschaft und \u00d6kologie. Sie finanzieren damit die Aus- und Fortbildung von Interessierten, die theoretische und praktische Schulung von Imkerinnen und Imkern, die Anschaffung von Materialien f\u00fcr die Vereinsbienenhaltung, Informationsveranstaltungen f\u00fcr die \u00d6ffentlichkeit, den Ausbau unseres\u00a0<a title=\"Vereinsbienenstand\" href=\"\/?page_id=53\">Vereins- und Lehrbienenstandes <\/a>sowie die Einrichtung eines Lehrbienenpfades.<\/p>\n<ul>\n<li><a href=\"https:\/\/www.imkerverein-friedberg.de\/wp-content\/uploads\/2022\/07\/Antrag_Foerdermitgliedschaft.pdf\">F\u00f6rdermitliedschaft<\/a><\/li>\n<li><a href=\"\/wp-content\/uploads\/2018\/04\/Flyer_Foerdermitgliedschaft_Imkerverein_Friedberg.pdf\">Flyer F\u00f6rdermitgliedschaft<\/a><\/li>\n<\/ul>\n<p>Bei Fragen rund um eine F\u00f6rdermitgliedschaft steht\u00a0Ihnen \u00a0Anne M\u00fchlemeier per Mail an <a href=\"mailto:mitgliedschaft@imkerverein-friedberg.de\">mitgliedschaft@imkerverein-friedberg.de<\/a> zur Verf\u00fcgung.<\/p>\n<p>&nbsp;<\/p>\n","protected":false},"excerpt":{"rendered":"<p>Sie schw\u00e4rmen f\u00fcr Bienen und Natur? Als einer der \u00e4ltesten Imkervereine Deutschlands denken wir auch immer vorausschauend. So haben wir jetzt eine F\u00f6rdermitgliedschaft eingerichtet. F\u00fcr einen Mindestjahresbeitrag von 12,00 \u20ac oder einem von Ihnen frei gew\u00e4hlten Beitrag begr\u00fc\u00dfen wir Sie als f\u00f6rderndes Mitglied des Imkervereins Friedberg und Umgebung e.V. Mit Ihrem Beitrag unterst\u00fctzen Sie unsere [&hellip;]<\/p>\n","protected":false},"author":1,"featured_media":482,"parent":21,"menu_order":520,"comment_status":"closed","ping_status":"closed","template":"full-width-page-template.php","meta":{"wpgo_faq_disable_schema":false},"_links":{"self":[{"href":"https:\/\/www.imkerverein-friedberg.de\/index.php?rest_route=\/wp\/v2\/pages\/47"}],"collection":[{"href":"https:\/\/www.imkerverein-friedberg.de\/index.php?rest_route=\/wp\/v2\/pages"}],"about":[{"href":"https:\/\/www.imkerverein-friedberg.de\/index.php?rest_route=\/wp\/v2\/types\/page"}],"author":[{"embeddable":true,"href":"https:\/\/www.imkerverein-friedberg.de\/index.php?rest_route=\/wp\/v2\/users\/1"}],"replies":[{"embeddable":true,"href":"https:\/\/www.imkerverein-friedberg.de\/index.php?rest_route=%2Fwp%2Fv2%2Fcomments&post=47"}],"version-history":[{"count":11,"href":"https:\/\/www.imkerverein-friedberg.de\/index.php?rest_route=\/wp\/v2\/pages\/47\/revisions"}],"predecessor-version":[{"id":2453,"href":"https:\/\/www.imkerverein-friedberg.de\/index.php?rest_route=\/wp\/v2\/pages\/47\/revisions\/2453"}],"up":[{"embeddable":true,"href":"https:\/\/www.imkerverein-friedberg.de\/index.php?rest_route=\/wp\/v2\/pages\/21"}],"wp:featuredmedia":[{"embeddable":true,"href":"https:\/\/www.imkerverein-friedberg.de\/index.php?rest_route=\/wp\/v2\/media\/482"}],"wp:attachment":[{"href":"https:\/\/www.imkerverein-friedberg.de\/index.php?rest_route=%2Fwp%2Fv2%2Fmedia&parent=47"}],"curies":[{"name":"wp","href":"https:\/\/api.w.org\/{rel}","templated":true}]}}