{"id":35,"date":"2018-03-29T17:02:50","date_gmt":"2018-03-29T16:02:50","guid":{"rendered":"https:\/\/ivfb.ai1.de\/?page_id=35"},"modified":"2022-10-26T18:57:34","modified_gmt":"2022-10-26T16:57:34","slug":"bienenweide","status":"publish","type":"page","link":"https:\/\/www.imkerverein-friedberg.de\/?page_id=35","title":{"rendered":"Bienenweide"},"content":{"rendered":"<p><a href=\"https:\/\/www.imkerverein-friedberg.de\/wp-content\/uploads\/2018\/03\/krokuse.jpg\" target=\"_blank\" rel=\"noopener noreferrer\"><img loading=\"lazy\" class=\"alignright wp-image-491 size-medium\" src=\"https:\/\/www.imkerverein-friedberg.de\/wp-content\/uploads\/2018\/03\/krokuse-200x300.jpg\" alt=\"krokuse\" width=\"200\" height=\"300\" srcset=\"https:\/\/www.imkerverein-friedberg.de\/wp-content\/uploads\/2018\/03\/krokuse-200x300.jpg 200w, https:\/\/www.imkerverein-friedberg.de\/wp-content\/uploads\/2018\/03\/krokuse.jpg 400w\" sizes=\"(max-width: 200px) 100vw, 200px\" \/><\/a>Honig- und Wildbienen sind auf pollen- und nektarreiche Pflanzen angewiesen. Vor und nach der Haupttracht (bei uns haupts\u00e4chlich die Obst- und Rapsbl\u00fcte) finden die Bienen immer weniger Trachtpflanzen.<\/p>\n<p>Helfen Sie mit, Lebensraum f\u00fcr Bienen zu schaffen und f\u00fcr deren\u00a0Nahrung zu sorgen. Pflanzen Sie auf Ihrem Balkon und im Garten insektenfreundliche Pflanzen an und schaffen Sie Nistpl\u00e4tze f\u00fcr Wildbienen.<\/p>\n<p>Der <a href=\"http:\/\/144.41.33.58\/4DAction\/W_Init\/BWPKBW_index_de.shtml\" target=\"_blank\" rel=\"noopener noreferrer\">Bienenweidepflanzenkatalog des Landes Baden-W\u00fcrttemberg<\/a> hilft Ihnen, die richtigen Pflanzen zu finden.<\/p>\n<p>Auf einer Webseite des Landes Hessen finden Sie Informationen zu <a href=\"https:\/\/bienen.hessen.de\/bienenfreundliche-gaerten.html\" target=\"_blank\" rel=\"noopener noreferrer\">bienenfreundlichen G\u00e4rten<\/a>.<\/p>\n<p>Zu Nisthilfen f\u00fcr Insekten finden Sie mehr Informationen auf einer Webseite des <a href=\"https:\/\/llh.hessen.de\/pflanze\/freizeitgartenbau\/garten-wissen\/nisthilfen-fuer-insekten\/\" target=\"_blank\" rel=\"noopener noreferrer\">Landesbetrieb Landwirtschaft Hessen<\/a>.<\/p>\n<p>Fragen zum Thema Bienenweide beantwortet Ihnen auch gerne Britta M\u00f6rschel per Mail unter <span id=\"eeb-607703\"><a class=\"mailto-link\" href=\"mailto:bienenweide@imkerverein-friedberg.de\">bienenweide@imkerverein-friedberg.de<\/a><\/span><\/p>\n<p>&nbsp;<\/p>\n","protected":false},"excerpt":{"rendered":"<p>Honig- und Wildbienen sind auf pollen- und nektarreiche Pflanzen angewiesen. Vor und nach der Haupttracht (bei uns haupts\u00e4chlich die Obst- und Rapsbl\u00fcte) finden die Bienen immer weniger Trachtpflanzen. Helfen Sie mit, Lebensraum f\u00fcr Bienen zu schaffen und f\u00fcr deren\u00a0Nahrung zu sorgen. Pflanzen Sie auf Ihrem Balkon und im Garten insektenfreundliche Pflanzen an und schaffen Sie [&hellip;]<\/p>\n","protected":false},"author":1,"featured_media":933,"parent":0,"menu_order":200,"comment_status":"closed","ping_status":"closed","template":"full-width-page-template.php","meta":{"wpgo_faq_disable_schema":false},"_links":{"self":[{"href":"https:\/\/www.imkerverein-friedberg.de\/index.php?rest_route=\/wp\/v2\/pages\/35"}],"collection":[{"href":"https:\/\/www.imkerverein-friedberg.de\/index.php?rest_route=\/wp\/v2\/pages"}],"about":[{"href":"https:\/\/www.imkerverein-friedberg.de\/index.php?rest_route=\/wp\/v2\/types\/page"}],"author":[{"embeddable":true,"href":"https:\/\/www.imkerverein-friedberg.de\/index.php?rest_route=\/wp\/v2\/users\/1"}],"replies":[{"embeddable":true,"href":"https:\/\/www.imkerverein-friedberg.de\/index.php?rest_route=%2Fwp%2Fv2%2Fcomments&post=35"}],"version-history":[{"count":17,"href":"https:\/\/www.imkerverein-friedberg.de\/index.php?rest_route=\/wp\/v2\/pages\/35\/revisions"}],"predecessor-version":[{"id":2541,"href":"https:\/\/www.imkerverein-friedberg.de\/index.php?rest_route=\/wp\/v2\/pages\/35\/revisions\/2541"}],"wp:featuredmedia":[{"embeddable":true,"href":"https:\/\/www.imkerverein-friedberg.de\/index.php?rest_route=\/wp\/v2\/media\/933"}],"wp:attachment":[{"href":"https:\/\/www.imkerverein-friedberg.de\/index.php?rest_route=%2Fwp%2Fv2%2Fmedia&parent=35"}],"curies":[{"name":"wp","href":"https:\/\/api.w.org\/{rel}","templated":true}]}}