{"id":327,"date":"2018-04-04T12:29:05","date_gmt":"2018-04-04T11:29:05","guid":{"rendered":"https:\/\/www.imkerverein-friedberg.de\/?page_id=327"},"modified":"2026-02-24T18:48:38","modified_gmt":"2026-02-24T17:48:38","slug":"presse","status":"publish","type":"page","link":"https:\/\/www.imkerverein-friedberg.de\/?page_id=327","title":{"rendered":"Presse"},"content":{"rendered":"<p>&nbsp;<\/p>\n<hr \/>\n<p><strong>Bienenflei\u00dfig \u2013 der Imkerverein Friedberg und Umgebung e.V.<\/strong><\/p>\n<p>Der Imkerverein Friedberg und Umgebung e.V. war im letzten Jahr so flei\u00dfig wie seine Bienen und kann auf ein \u00fcberaus erfolgreiches Jahr zur\u00fcckblicken. Viele Projekte konnten realisiert werden. So haben sich die Imkerpraxistage am Vereinslehrbienenstand am Wingert in Dorheim als beliebte Veranstaltung f\u00fcr Naturliebhaber und Neuimker etabliert. Der Lehrbienenstand bietet die M\u00f6glichkeit, in die Welt der Bienen hinein zu schnuppern und die spannende imkerliche Praxis zu erlernen. Viel getan wurde auch, um die Notwendigkeit von Bl\u00fchstreifen f\u00fcr den Erhalt von Best\u00e4ubern in der \u00d6ffentlichkeit bekannt zu machen. Einige Projekte wurden neu angesto\u00dfen, so z.B. die Planung einer mit dem NABU Friedberg gemeinschaftlich genutzte Vereinsh\u00fctte auf dem Gel\u00e4nde im Wingert. Erm\u00f6glicht wird dieses Projekt durch den Gewinn von 5000 \u20ac bei der Umweltlotterie GENAU, Preise der OVAG, der Sparkasse Oberhessen sowie viele Spenden. Der ganze Dank des Vereins gilt dem unerm\u00fcdlichen Engagement des scheidenden 1. Vorsitzenden Ernst Ruppel und seinen verdienten Vorstandsmitgliedern, die so viel f\u00fcr das Wohl der Bienen, der Imkerei und den Naturschutz bewegt haben.<\/p>\n<p><strong>Der Vorstand als Team<\/strong><\/p>\n<p>Auf der Jahreshauptversammlung des Imkervereins Friedberg und Umgebung e.V. im M\u00e4rz 2018 wurde nun ein neuer Vorstand gew\u00e4hlt. Neben schon bekannten Gesichtern erkl\u00e4rten sich auch einige neue Mitglieder bereit, die zuk\u00fcnftigen Geschicke des Vereins zu f\u00fchren. Um Mitglieder des Vereins zu motivieren, an der Vorstandsarbeit aktiv mitzuwirken und Projekte zu gestalten, wurde vom vorherigen Vorstand im Vorfeld eine Satzungs\u00e4nderung erarbeitet und inzwischen von der Mitgliederversammlung beschlossen, welche die Verantwortlichkeit auf ein Vorstands-Team \u00fcbertr\u00e4gt. Neuer Vorstandssprecher des Vereins ist Andreas Ihl, der bereits im alten Vorstand t\u00e4tig war. Verantwortlich f\u00fcr die Kasse ist die neu hinzugekommene Julia Schneider. Die weiteren Aufgaben teilen sich die wieder gew\u00e4hlten Vorstandsmitglieder Tatjana von Derschau, Benno Jungblut, Kyra Kapsreiter, Britta M\u00f6rschel, Anne M\u00fchlemeier sowie Andreas M\u00fcller. Neu im Vorstandsteam sind Camille Gregor Hoffmann, Thomas J\u00e4schke, Simone Parbel, Timo Smietana, Maren Sykora und Oliver Vollmers.<\/p>\n<p>Kyra Kapsreiter 09.04.2018<\/p>\n<p>erschienen in der Wetterauer Zeitung am 11.04.2018<\/p>\n","protected":false},"excerpt":{"rendered":"<p>&nbsp; Bienenflei\u00dfig \u2013 der Imkerverein Friedberg und Umgebung e.V. Der Imkerverein Friedberg und Umgebung e.V. war im letzten Jahr so flei\u00dfig wie seine Bienen und kann auf ein \u00fcberaus erfolgreiches Jahr zur\u00fcckblicken. Viele Projekte konnten realisiert werden. So haben sich die Imkerpraxistage am Vereinslehrbienenstand am Wingert in Dorheim als beliebte Veranstaltung f\u00fcr Naturliebhaber und Neuimker [&hellip;]<\/p>\n","protected":false},"author":2,"featured_media":480,"parent":0,"menu_order":0,"comment_status":"closed","ping_status":"closed","template":"full-width-page-template.php","meta":{"wpgo_faq_disable_schema":false},"_links":{"self":[{"href":"https:\/\/www.imkerverein-friedberg.de\/index.php?rest_route=\/wp\/v2\/pages\/327"}],"collection":[{"href":"https:\/\/www.imkerverein-friedberg.de\/index.php?rest_route=\/wp\/v2\/pages"}],"about":[{"href":"https:\/\/www.imkerverein-friedberg.de\/index.php?rest_route=\/wp\/v2\/types\/page"}],"author":[{"embeddable":true,"href":"https:\/\/www.imkerverein-friedberg.de\/index.php?rest_route=\/wp\/v2\/users\/2"}],"replies":[{"embeddable":true,"href":"https:\/\/www.imkerverein-friedberg.de\/index.php?rest_route=%2Fwp%2Fv2%2Fcomments&post=327"}],"version-history":[{"count":11,"href":"https:\/\/www.imkerverein-friedberg.de\/index.php?rest_route=\/wp\/v2\/pages\/327\/revisions"}],"predecessor-version":[{"id":3445,"href":"https:\/\/www.imkerverein-friedberg.de\/index.php?rest_route=\/wp\/v2\/pages\/327\/revisions\/3445"}],"wp:featuredmedia":[{"embeddable":true,"href":"https:\/\/www.imkerverein-friedberg.de\/index.php?rest_route=\/wp\/v2\/media\/480"}],"wp:attachment":[{"href":"https:\/\/www.imkerverein-friedberg.de\/index.php?rest_route=%2Fwp%2Fv2%2Fmedia&parent=327"}],"curies":[{"name":"wp","href":"https:\/\/api.w.org\/{rel}","templated":true}]}}