{"id":305,"date":"2018-04-02T17:29:45","date_gmt":"2018-04-02T16:29:45","guid":{"rendered":"https:\/\/www.imkerverein-friedberg.de\/?page_id=305"},"modified":"2026-03-19T18:33:11","modified_gmt":"2026-03-19T17:33:11","slug":"datenschutzerklaerung","status":"publish","type":"page","link":"https:\/\/www.imkerverein-friedberg.de\/?page_id=305","title":{"rendered":"Datenschutzerkl\u00e4rung"},"content":{"rendered":"<h1>Datenschutzerkl\u00e4rung f\u00fcr Vereinsmitglieder<\/h1>\n<ul>\n<li>Datenschutzerkl\u00e4rung des Imkerverein Friedberg und Umgebung e.V. siehe <a title=\"Satzung\" href=\"https:\/\/www.imkerverein-friedberg.de\/?page_id=78\">Satzung<\/a> \u00a712<\/li>\n<li><a href=\"https:\/\/www.imkerverein-friedberg.de\/wp-content\/uploads\/2018\/04\/DatenschutzerklaerungLHI.pdf\">Datenschutzerkl\u00e4rung des Landesverbandes Hessischer Imker e.V.<\/a><\/li>\n<\/ul>\n<p>Die ausf\u00fchrlichen Datenschutzhinweise f\u00fcr Mitglieder finden Sie <a href=\"https:\/\/www.imkerverein-friedberg.de\/wp-content\/uploads\/2022\/05\/Datenschutzhinweise_Mitglieder.pdf\">hier<\/a> als PDF-Datei.<\/p>\n<p>Als Vereinsmitglied haben Sie das Recht auf Auskunft \u00fcber die zu Ihrer Person gespeicherten Daten. Das sind in der Regel die Daten, die Sie uns mitgeteilt haben:<\/p>\n<ul>\n<li>Name, Adresse, Geburtsdatum (Geburtsdatum f\u00fcr Statistik und Ehrungen)<\/li>\n<li>Kontaktdaten wie E-Mail-Adresse und Telefonnummer (Einladungen)<\/li>\n<li>Anzahl der Bienenv\u00f6lker (Versicherung)<\/li>\n<li>Bankverbindung f\u00fcr die Abbuchung des Mitgliedsbeitrages<\/li>\n<li>Teilnahme an Lehrg\u00e4ngen und Veranstaltungen (u.a. f\u00fcr Nutzung des Gew\u00e4hrverschlusses des DIB)<\/li>\n<li>Eintrittsdatum in den Verein (ihr wollt ja f\u00fcr Eure langj\u00e4hrige Mitgliedschaft auf der Jahreshauptversammlung geehrt werden)<\/li>\n<\/ul>\n<p>Die Daten werden auf einem gesch\u00fctztem Server des\u00a0Landesverband Hessischer Imker gespeichert und von uns genutzt.<\/p>\n<p><strong>Datenweitergabe an Dritte<\/strong><br \/>\nIhre in der D.I.B.-Online-Mitgliederverwaltung gespeicherten Daten k\u00f6nnen f\u00fcr Verwaltungszwecke an Dritte weitergegeben werden. So kann z.B. im Rahmen eines Lastschrifteinzugs Ihre Bankverbindung an die jeweilige Hausbank \u00fcbermittelt werden. Im Schadensfalle kann au\u00dferdem eine Weitergabe der gemeldeten V\u00f6lkerzahl an die Tierseuchenkasse sowie die Imkerversicherung erfolgen. Eine dar\u00fcber hinausgehende Datenweitergabe an Dritte ohne Ihre Einwilligung ist nicht vorgesehen.<br \/>\nIhre Daten werden nicht an weitere Dritte weitergegeben. Auch werden Ihre Daten nicht f\u00fcr Werbezwecke verwendet.<\/p>\n<p>Falls Sie Auskunft \u00fcber die bei uns gespeicherten Daten haben wollen, senden Sie bitte eine Anfrage an <a href=\"mailto:anfragen@imkerverein-friedberg.de\">anfragen@imkerverein-friedberg.de<\/a>. der Vorstand\u00a0wird Ihre Anfrage bearbeiten.<\/p>\n<h1>Datenschutzerkl\u00e4rung f\u00fcr Webseitenbesucher<\/h1>\n<p>Bei einem Besuch unserer Webseite werden vom eingesetzten Webserver Logdateien erstellt und gespeichert. Diese Daten werden durch Ihren Browser \u00fcbertragen. Die gespeicherten Daten sind:<\/p>\n<ul>\n<li>Browsertyp und Version<\/li>\n<li>Ihr verwendetes Betriebssystem<\/li>\n<li>Die URL, durch die Sie auf unsere Webseite gekommen sind<\/li>\n<li>Ihre zugewiesene IP-Adresse<\/li>\n<li>Das Datum und die Uhrzeit der Anfrage der Webseite<\/li>\n<li>Der aufgerufene Inhalt unserer Webseite<\/li>\n<\/ul>\n<p>Falls Sie \u00fcber eine per SSL gesicherte Verbindung auf unsere Webseiten zugreifen, werden zus\u00e4tzlich durch den Webserver das SSL-Protokoll und das SSL-Cipher gespeichert.<\/p>\n<p>Hier ein Beispiel der Logdateien bei einem Aufruf der Seite &#8216;Termine&#8217;:<\/p>\n<pre><span style=\"font-family: monospace;\"><span style=\"font-size: small;\"><span style=\"color: #000000;\">80.128.6.238 - - [02\/May\/2018:19:06:59 +0200] \"GET \/?page_id=24 HTTP\/1.1\" 200 5155 \"https:\/\/www.imkerverein-friedberg.de\/\" \"Mozilla\/5.0 (X11; Linux x86_64; rv:52.0) Gecko\/20100101 Firefox\/52<\/span>.0\" \r\n80.128.6.238 - - [02\/May\/2018:19:06:59 +0200] \"GET \/wp-content\/uploads\/2018\/03\/beitragsbild_01-900x312.jpg HTTP\/1.1\" 200 47717 \"https:\/\/www.imkerverein-friedberg.de\/?page_id=24\" \"Mozilla\/5.0 (X11; Linux x86_64; rv:52.0) Gecko\/20100101 Firefox\/52.0\" \r\n80.128.6.238 - - [02\/May\/2018:19:07:00 +0200] \"GET \/wp-content\/uploads\/2018\/03\/beitragsbild_01-1280x444.jpg HTTP\/1.1\" 200 72689 \"https:\/\/www.imkerverein-friedberg.de\/?page_id=24\" \"Mozilla\/5.0 (X11; Linux x86_64; rv:52.0) Gecko\/20100101 Firefox\/52.0\"  <\/span><\/span><\/pre>\n<pre><span style=\"font-family: monospace;\"><span style=\"color: #000000;\"><span style=\"font-size: small;\">[02\/May\/2018:19:09:46 +0200] 80.128.6.238 TLSv1.2 ECDHE-RSA-AES256-GCM-SHA384 \"GET \/?page_id=24 HTTP\/1.1\" 4441 \"Mozilla\/5.0 (X11; Linux x86_64; rv:52.0) Gecko\/20100101 Firefox\/52.0\"<\/span><\/span><\/span><\/pre>\n<p>Die Daten werden zu statistischen Zwecken erfasst und sind durch uns nicht bestimmten Personen zuordnenbar. Die Daten werden automatisiert nach einer Woche gel\u00f6scht. Allerdings\u00a0 behalten wir uns vor die Daten an Ermittlungsbeh\u00f6rden zu \u00fcbergeben, falls uns konkrete Anhaltspunkte f\u00fcr eine rechtswidrige Nutzung bekannt werden (z.B. ein Angriff auf unsere Webseite).<\/p>\n<h2>Cookies<\/h2>\n<p>Diese Webseite nutzt zur Zeit keine Cookies.<\/p>\n<h2>SSL-Server-Zertifikat<\/h2>\n<p>Die Inhalte dieser Webseite werden verschl\u00fcsselt \u00fcbertragen.<br \/>\nDazu verwenden wir ein Zertifikat von &#8216;Let&#8217;s Encrypt&#8217;.<\/p>\n<p>Um den Status des Zertifikats abzufragen baut Ihr Webbrowser bei dem Besuch unserer Webseite eine Verbindung zu dem im Zertifikat eingetragenen Validierungsdienst auf. In Falle von &#8216;Let&#8217;s Encrypt&#8217;\u00a0zu\u00a0http:\/\/ocsp.int-x3.letsencrypt.org\/. Weitere Informationen zu dem sogenannten\u00a0Online Certificate Status Protocol finden Sie z.B. bei Wikipedia unter <a href=\"https:\/\/de.wikipedia.org\/wiki\/OCSP\">OCSP<\/a>.<\/p>\n<h2>Externe Inhalte<\/h2>\n<p>Einige unserer Webseiten k\u00f6nnen Inhalte anderer Anbieter enthalten (z.B. youtube.com oder openstreetmap.org). Die Inhalte sind so in unsere Webseite eingebaut, dass beim Laden unserer Webseite keine Daten von anderen Anbietern aufgerufen werden. Die Verbindung zu den Anbietern wird erst aufgebaut, sobald Sie die Verbindung durch einen Mausklick aktivieren.<\/p>\n","protected":false},"excerpt":{"rendered":"<p>Datenschutzerkl\u00e4rung f\u00fcr Vereinsmitglieder Datenschutzerkl\u00e4rung des Imkerverein Friedberg und Umgebung e.V. siehe Satzung \u00a712 Datenschutzerkl\u00e4rung des Landesverbandes Hessischer Imker e.V. Die ausf\u00fchrlichen Datenschutzhinweise f\u00fcr Mitglieder finden Sie hier als PDF-Datei. Als Vereinsmitglied haben Sie das Recht auf Auskunft \u00fcber die zu Ihrer Person gespeicherten Daten. Das sind in der Regel die Daten, die Sie uns mitgeteilt [&hellip;]<\/p>\n","protected":false},"author":1,"featured_media":0,"parent":117,"menu_order":780,"comment_status":"closed","ping_status":"closed","template":"full-width-page-template.php","meta":{"wpgo_faq_disable_schema":false},"_links":{"self":[{"href":"https:\/\/www.imkerverein-friedberg.de\/index.php?rest_route=\/wp\/v2\/pages\/305"}],"collection":[{"href":"https:\/\/www.imkerverein-friedberg.de\/index.php?rest_route=\/wp\/v2\/pages"}],"about":[{"href":"https:\/\/www.imkerverein-friedberg.de\/index.php?rest_route=\/wp\/v2\/types\/page"}],"author":[{"embeddable":true,"href":"https:\/\/www.imkerverein-friedberg.de\/index.php?rest_route=\/wp\/v2\/users\/1"}],"replies":[{"embeddable":true,"href":"https:\/\/www.imkerverein-friedberg.de\/index.php?rest_route=%2Fwp%2Fv2%2Fcomments&post=305"}],"version-history":[{"count":39,"href":"https:\/\/www.imkerverein-friedberg.de\/index.php?rest_route=\/wp\/v2\/pages\/305\/revisions"}],"predecessor-version":[{"id":3494,"href":"https:\/\/www.imkerverein-friedberg.de\/index.php?rest_route=\/wp\/v2\/pages\/305\/revisions\/3494"}],"up":[{"embeddable":true,"href":"https:\/\/www.imkerverein-friedberg.de\/index.php?rest_route=\/wp\/v2\/pages\/117"}],"wp:attachment":[{"href":"https:\/\/www.imkerverein-friedberg.de\/index.php?rest_route=%2Fwp%2Fv2%2Fmedia&parent=305"}],"curies":[{"name":"wp","href":"https:\/\/api.w.org\/{rel}","templated":true}]}}