{"id":30,"date":"2018-03-29T16:54:32","date_gmt":"2018-03-29T15:54:32","guid":{"rendered":"https:\/\/ivfb.ai1.de\/?page_id=30"},"modified":"2026-03-19T18:40:29","modified_gmt":"2026-03-19T17:40:29","slug":"weiterlesen","status":"publish","type":"page","link":"https:\/\/www.imkerverein-friedberg.de\/?page_id=30","title":{"rendered":"Kontakte"},"content":{"rendered":"<p>Wenn Sie zu bestimmten Themen Kontakt mit uns aufnehmen wollen, finden Sie hier Ihre Ansprechpartnerin oder Ihren Ansprechpartner.<\/p>\n<h2>Imkerberater*innen<\/h2>\n<p>unsere Imkerberater*innen finden Sie <a title=\"Imkerberater\" href=\"https:\/\/www.imkerverein-friedberg.de\/?page_id=74\">hier<\/a>.<\/p>\n<h2>Honigverkauf<\/h2>\n<p>Honig aus der Wetterau erhalten Sie bei unseren Vereinsmitgliedern. Vereinsmitglieder, die ihren Honig auf unserer Webseite bewerben, finden Sie <a title=\"Honigverkauf\" href=\"https:\/\/www.imkerverein-friedberg.de\/?page_id=61\">hier<\/a>.<\/p>\n<h2>Bienenweide<\/h2>\n<p>Sie wollen bienenfreundliche Blumen, Stauden oder B\u00e4ume pflanzen? Sie suchen eine Bl\u00fchmischung, die sich am besten f\u00fcr Ihren Standort eignet? Fragen zum Thema Bienenweide beantwortet Ihnen Britta M\u00f6rschel gerne unter <a href=\"mailto:bienenweide@imkerverein-friedberg.de\">bienenweide@imkerverein-friedberg.de<\/a><\/p>\n<h2>Mitgliedschaft<\/h2>\n<p>Sie haben Fragen rund um die Mitgliedschaft in unserem Verein? Der Vorstand hilft Ihnen gerne unter <a href=\"mailto:mitgliedschaft@imkerverein-friedberg.de\">mitgliedschaft@imkerverein-friedberg.de<\/a><\/p>\n<h2>Imkertreff<\/h2>\n<p>Sie wollen wissen, wann und wo unser n\u00e4chster Imkertreff stattfindet? Schauen Sie auf unserer Seite <a href=\"https:\/\/www.imkerverein-friedberg.de\/?page_id=1057\">Aktuelles<\/a>, oder in unserem <a title=\"Termine\" href=\"https:\/\/www.imkerverein-friedberg.de\/?page_id=24\">Kalender<\/a> nach den Terminen.<\/p>\n<h2>Bienengesundheit<\/h2>\n<p>Die Gesundheit Ihrer Bienen macht Ihnen Gedanken? Sie ben\u00f6tigen einen Rat, wie Sie ihnen helfen k\u00f6nnen? Fragen Sie unseren Ansprechpartner\u00a0Thomas J\u00e4schke\u00a0per Mail an <a href=\"mailto:bienengesundheit@imkerverein-friedberg.de\">bienengesundheit@imkerverein-friedberg.de<\/a><\/p>\n<h2>Gesundheitszeugnis<\/h2>\n<p>Sie brauchen in unserem Vereinsgebiet ein Gesundheitszeugnis f\u00fcr Ihre Bienen? Fragen Sie unseren Bienensachverst\u00e4ndigen Thomas J\u00e4schke\u00a0per Mail an <a href=\"mailto:bienengesundheit@imkerverein-friedberg.de\">bienengesundheit@imkerverein-friedberg.de<\/a><\/p>\n<h2>Allgemeine Anfragen zur Imkerei<\/h2>\n<p>Zu allgemeinen Anfragen zur Imkerei oder zu unserem Verein wenden Sie sich bitte per Mail an den Vorstand unter <a href=\"mailto:anfragen@imkerverein-friedberg.de\">anfragen@imkerverein-friedberg.de<\/a><\/p>\n<h2>Mitgliedsbeitrag und Kasse<\/h2>\n<p>Sie haben Fragen zum Mitgliedsbeitrag? Unsere Kassierer Thomas J\u00e4schke hilft Ihnen gerne weiter. Sie ereichen ihn per Mail an <a href=\"mailto:kasse@imkerverein-friedberg.de\">kasse@imkerverein-friedberg.de<\/a><\/p>\n<h2>Spenden und Sponsoren<\/h2>\n<p>Sie m\u00f6chten unser Engagement f\u00fcr Bienen und Natur finanziell unterst\u00fctzen? Herzlich gerne! Der Vorstand ber\u00e4t Sie.\u00a0 Sie ereichen ihn per Mail an <a href=\"mailto:sponsoring@imkerverein-friedberg.de\">sponsoring@imkerverein-friedberg.de<\/a>.<br \/>\nGerne erw\u00e4hnen wir Ihre Spende auf unserer Webseite unter <a href=\"https:\/\/www.imkerverein-friedberg.de\/?page_id=49\">Spenden<\/a>.<\/p>\n<h2>Bienenschwarm<\/h2>\n<p>Bienen vermehren sich gerne durch schw\u00e4rmen. Sie haben einen Bienenschwarm gesehen? Wir k\u00fcmmern uns darum. Kontakte finden Sie auf der Seite <a title=\"Schwarmfang\" href=\"https:\/\/www.imkerverein-friedberg.de\/?page_id=59\">Schwarmfang<\/a>.<\/p>\n<h2>Asiatische Hornisse<\/h2>\n<p>Bei Fragen zur asiatischen Hornisse (Vespa velutina nigrothorax) wenden Sie sich bitte per Mail an unsere Beraterin Simone Maria J\u00e4ger: <a class=\"mailto-link\" data-enc-email=\"fvzbar.wnrtre[at]vzxreirerva-sevrqoret.qr\" data-wpel-link=\"ignore\"><span id=\"eeb-939941-705186\">simone.jaeger@imkerverein-friedberg.de<\/span><\/a>.<\/p>\n<h2>Wespennest, Hornissen und Wildbienen<\/h2>\n<p>(Bienenschwarm s.o.)<\/p>\n<p>Immer wieder bekommen wir Anfragen, ob wir\u00a0Wespennester, Hornissen und Wildbienen umsiedeln k\u00f6nnen. Da viele Insektenarten dem\u00a0Schutz des Naturschutzgesetzes unterliegen, bitten wir Sie sich zu \u00fcberlegen, ob eine Umsiedlung \u00fcberhaupt notwendig ist. Viele Arten sind eher n\u00fctzlich als sch\u00e4dlich.<\/p>\n<p>Bei Fragen zu Wespen und Hornissen wenden Sie sich bitte per Mail an unsere Beraterin Dr. Barbara Feldmeyer: <a href=\"mailto:wildbienen@imkerverein-friedberg.de\">wildbienen@imkerverein-friedberg.de<\/a>.<\/p>\n<h2>Zuchtgruppe<\/h2>\n<p>Ansprechpartner f\u00fcr die Zuchtgruppe sind Dirk Buchinski: zucht@imkerverein-friedberg.de<\/p>\n","protected":false},"excerpt":{"rendered":"<p>Wenn Sie zu bestimmten Themen Kontakt mit uns aufnehmen wollen, finden Sie hier Ihre Ansprechpartnerin oder Ihren Ansprechpartner. Imkerberater*innen unsere Imkerberater*innen finden Sie hier. Honigverkauf Honig aus der Wetterau erhalten Sie bei unseren Vereinsmitgliedern. Vereinsmitglieder, die ihren Honig auf unserer Webseite bewerben, finden Sie hier. Bienenweide Sie wollen bienenfreundliche Blumen, Stauden oder B\u00e4ume pflanzen? Sie [&hellip;]<\/p>\n","protected":false},"author":1,"featured_media":478,"parent":0,"menu_order":400,"comment_status":"closed","ping_status":"closed","template":"full-width-page-template.php","meta":{"wpgo_faq_disable_schema":false},"_links":{"self":[{"href":"https:\/\/www.imkerverein-friedberg.de\/index.php?rest_route=\/wp\/v2\/pages\/30"}],"collection":[{"href":"https:\/\/www.imkerverein-friedberg.de\/index.php?rest_route=\/wp\/v2\/pages"}],"about":[{"href":"https:\/\/www.imkerverein-friedberg.de\/index.php?rest_route=\/wp\/v2\/types\/page"}],"author":[{"embeddable":true,"href":"https:\/\/www.imkerverein-friedberg.de\/index.php?rest_route=\/wp\/v2\/users\/1"}],"replies":[{"embeddable":true,"href":"https:\/\/www.imkerverein-friedberg.de\/index.php?rest_route=%2Fwp%2Fv2%2Fcomments&post=30"}],"version-history":[{"count":57,"href":"https:\/\/www.imkerverein-friedberg.de\/index.php?rest_route=\/wp\/v2\/pages\/30\/revisions"}],"predecessor-version":[{"id":3488,"href":"https:\/\/www.imkerverein-friedberg.de\/index.php?rest_route=\/wp\/v2\/pages\/30\/revisions\/3488"}],"wp:featuredmedia":[{"embeddable":true,"href":"https:\/\/www.imkerverein-friedberg.de\/index.php?rest_route=\/wp\/v2\/media\/478"}],"wp:attachment":[{"href":"https:\/\/www.imkerverein-friedberg.de\/index.php?rest_route=%2Fwp%2Fv2%2Fmedia&parent=30"}],"curies":[{"name":"wp","href":"https:\/\/api.w.org\/{rel}","templated":true}]}}