{"id":2671,"date":"2023-01-14T19:39:38","date_gmt":"2023-01-14T18:39:38","guid":{"rendered":"https:\/\/www.imkerverein-friedberg.de\/?page_id=2671"},"modified":"2023-01-14T19:46:44","modified_gmt":"2023-01-14T18:46:44","slug":"faq-bienenschwaerme","status":"publish","type":"page","link":"https:\/\/www.imkerverein-friedberg.de\/?page_id=2671","title":{"rendered":"FAQ Bienenschw\u00e4rme"},"content":{"rendered":"<p>Zur\u00fcck zu den <a href=\"https:\/\/www.imkerverein-friedberg.de\/?page_id=2622\">Fagen &amp; Antworten<\/a><\/p>\n<p>Hier findet Ihr Antworten auf Eure Fragen zu Bienenschw\u00e4rmen.<\/p>\n<div id=\"faq-69df3742d3fe9\" class=\"flexible-faq-container faq-expandable faq-text-style\">\n\t\t<h2 class=\"faq-title\">Bienenschwarm<\/h2>\t<div class=\"flexible-faq-outer-wrapper\">\n\t\t<div class=\"faq-separator\"><\/div>\t\t<div class=\"flexible-faq-wrapper faq-1\">\n\t\t\t<button id=\"faq-q-btn-69df3742d3fe9-1\" class=\"faq-question flexible-faq\" aria-expanded=\"false\"  aria-controls=\"faq-69df3742d3fe9-1\">\n\t\t\t\t<div class=\"faq-inner-question\">\n\t\t\t\t\t<span class=\"question-text\">Ich habe einen Bienenschwarm gesehen. Was mache ich?<\/span>\n\t\t\t\t\t<span class=\"faq-question-expand\"><svg class=\"faq-expand-img closed arrow1\" xmlns=\"https:\/\/www.w3.org\/2000\/svg\" x=\"0px\" y=\"0px\" viewBox=\"0 0 24 24\"><path class=\"icon-color\" d=\"M 7.4296875 9.5 L 5.9296875 11 L 12 17.070312 L 18.070312 11 L 16.570312 9.5 L 12 14.070312 L 7.4296875 9.5 z\"><\/path><\/svg><svg class=\"faq-expand-img expanded arrow1\" xmlns=\"https:\/\/www.w3.org\/2000\/svg\" x=\"0px\" y=\"0px\" viewBox=\"0 0 24 24\"><path class=\"icon-color\" d=\"M 7.4296875 9.5 L 5.9296875 11 L 12 17.070312 L 18.070312 11 L 16.570312 9.5 L 12 14.070312 L 7.4296875 9.5 z\"><\/path><\/svg><\/span>\t\t\t\t<\/div>\n\t\t\t<\/button>\n\t\t\t<div class=\"faq-answer flexible-faq\">\n\t\t\t\t<div class=\"q-a-separator\"><\/div>\t\t\t\t<div class=\"faq-inner-answer\">\n\t\t\t\t\t\t<p>Du hast einen Bienenschwarm in unserem Vereinsgebiet (Friedberg\/Bad Nauheim\/Florstadt\/Rockenberg\/Karben und Umgebung) gesehen? Imker*innen die sich darum k\u00fcmmern findest Du auf unserer Webseite unter <a href=\"https:\/\/www.imkerverein-friedberg.de\/?page_id=59\">Schwarmfang<\/a>.<\/p>\n\t\t<\/div>\n\t\t\t<\/div>\n\t\t<\/div>\n\t\t\t\t\t<div class=\"faq-separator\"><\/div>\t\t<div class=\"flexible-faq-wrapper faq-2\">\n\t\t\t<button id=\"faq-q-btn-69df3742d3fe9-2\" class=\"faq-question flexible-faq\" aria-expanded=\"false\"  aria-controls=\"faq-69df3742d3fe9-2\">\n\t\t\t\t<div class=\"faq-inner-question\">\n\t\t\t\t\t<span class=\"question-text\">Ich m\u00f6chte einen Presseartikel \u00fcber Bienenschw\u00e4rme schreiben. An wen wende ich mich?<\/span>\n\t\t\t\t\t<span class=\"faq-question-expand\"><svg class=\"faq-expand-img closed arrow1\" xmlns=\"https:\/\/www.w3.org\/2000\/svg\" x=\"0px\" y=\"0px\" viewBox=\"0 0 24 24\"><path class=\"icon-color\" d=\"M 7.4296875 9.5 L 5.9296875 11 L 12 17.070312 L 18.070312 11 L 16.570312 9.5 L 12 14.070312 L 7.4296875 9.5 z\"><\/path><\/svg><svg class=\"faq-expand-img expanded arrow1\" xmlns=\"https:\/\/www.w3.org\/2000\/svg\" x=\"0px\" y=\"0px\" viewBox=\"0 0 24 24\"><path class=\"icon-color\" d=\"M 7.4296875 9.5 L 5.9296875 11 L 12 17.070312 L 18.070312 11 L 16.570312 9.5 L 12 14.070312 L 7.4296875 9.5 z\"><\/path><\/svg><\/span>\t\t\t\t<\/div>\n\t\t\t<\/button>\n\t\t\t<div class=\"faq-answer flexible-faq\">\n\t\t\t\t<div class=\"q-a-separator\"><\/div>\t\t\t\t<div class=\"faq-inner-answer\">\n\t\t\t\t\t\t<div class=\"faq-inner-answer\">\n<p>Unsere Ansprechpartnerin f\u00fcr Presseanfragen ist per Mail <a class=\"mailto-link\" href=\"mailto:anne.muehlemeier@imkerverein-friedberg.de\">Anne M\u00fchlemeier<\/a>.<\/p>\n<p>Tel.: 06033\/9262 806.<\/p>\n<\/div>\n\t\t<\/div>\n\t\t\t<\/div>\n\t\t<\/div>\n\t\t\t\t\t\t\t<div class=\"faq-separator\"><\/div>\t<\/div>\n<\/div>\n\t\t\n<p>Keine Antwort gefunden? Unter <a href=\"https:\/\/www.imkerverein-friedberg.de\/?page_id=30\">Kontakte<\/a> findest Du unsere\u00a0Ansprechpartner*innen.<\/p>\n","protected":false},"excerpt":{"rendered":"<p>Zur\u00fcck zu den Fagen &amp; Antworten Hier findet Ihr Antworten auf Eure Fragen zu Bienenschw\u00e4rmen. Keine Antwort gefunden? Unter Kontakte findest Du unsere\u00a0Ansprechpartner*innen.<\/p>\n","protected":false},"author":1,"featured_media":0,"parent":0,"menu_order":0,"comment_status":"closed","ping_status":"closed","template":"","meta":{"wpgo_faq_disable_schema":false},"_links":{"self":[{"href":"https:\/\/www.imkerverein-friedberg.de\/index.php?rest_route=\/wp\/v2\/pages\/2671"}],"collection":[{"href":"https:\/\/www.imkerverein-friedberg.de\/index.php?rest_route=\/wp\/v2\/pages"}],"about":[{"href":"https:\/\/www.imkerverein-friedberg.de\/index.php?rest_route=\/wp\/v2\/types\/page"}],"author":[{"embeddable":true,"href":"https:\/\/www.imkerverein-friedberg.de\/index.php?rest_route=\/wp\/v2\/users\/1"}],"replies":[{"embeddable":true,"href":"https:\/\/www.imkerverein-friedberg.de\/index.php?rest_route=%2Fwp%2Fv2%2Fcomments&post=2671"}],"version-history":[{"count":2,"href":"https:\/\/www.imkerverein-friedberg.de\/index.php?rest_route=\/wp\/v2\/pages\/2671\/revisions"}],"predecessor-version":[{"id":2675,"href":"https:\/\/www.imkerverein-friedberg.de\/index.php?rest_route=\/wp\/v2\/pages\/2671\/revisions\/2675"}],"wp:attachment":[{"href":"https:\/\/www.imkerverein-friedberg.de\/index.php?rest_route=%2Fwp%2Fv2%2Fmedia&parent=2671"}],"curies":[{"name":"wp","href":"https:\/\/api.w.org\/{rel}","templated":true}]}}