{"id":2645,"date":"2023-01-14T16:52:23","date_gmt":"2023-01-14T15:52:23","guid":{"rendered":"https:\/\/www.imkerverein-friedberg.de\/?page_id=2645"},"modified":"2023-01-14T18:07:12","modified_gmt":"2023-01-14T17:07:12","slug":"faq-einstieg-in-die-imkerei","status":"publish","type":"page","link":"https:\/\/www.imkerverein-friedberg.de\/?page_id=2645","title":{"rendered":"FAQ Einstieg in die Imkerei"},"content":{"rendered":"<p>Hier findet Ihr Antworten auf Eure Fragen zum Einstieg in die Imkerei.<\/p>\n<p>Zur\u00fcck zu den <a href=\"https:\/\/www.imkerverein-friedberg.de\/?page_id=2622\">Fagen &amp; Antworten<\/a><\/p>\n<div id=\"faq-69df33fe7162d\" class=\"flexible-faq-container faq-expandable faq-text-style\">\n\t\t<h2 class=\"faq-title\">Einstieg in die Imkerei<\/h2>\t<div class=\"flexible-faq-outer-wrapper\">\n\t\t<div class=\"faq-separator\"><\/div>\t\t<div class=\"flexible-faq-wrapper faq-1\">\n\t\t\t<button id=\"faq-q-btn-69df33fe7162d-1\" class=\"faq-question flexible-faq\" aria-expanded=\"false\"  aria-controls=\"faq-69df33fe7162d-1\">\n\t\t\t\t<div class=\"faq-inner-question\">\n\t\t\t\t\t<span class=\"question-text\">Ich w\u00fcrde auch gerne imkern. Wie fange ich an?<\/span>\n\t\t\t\t\t<span class=\"faq-question-expand\"><svg class=\"faq-expand-img closed arrow1\" xmlns=\"https:\/\/www.w3.org\/2000\/svg\" x=\"0px\" y=\"0px\" viewBox=\"0 0 24 24\"><path class=\"icon-color\" d=\"M 7.4296875 9.5 L 5.9296875 11 L 12 17.070312 L 18.070312 11 L 16.570312 9.5 L 12 14.070312 L 7.4296875 9.5 z\"><\/path><\/svg><svg class=\"faq-expand-img expanded arrow1\" xmlns=\"https:\/\/www.w3.org\/2000\/svg\" x=\"0px\" y=\"0px\" viewBox=\"0 0 24 24\"><path class=\"icon-color\" d=\"M 7.4296875 9.5 L 5.9296875 11 L 12 17.070312 L 18.070312 11 L 16.570312 9.5 L 12 14.070312 L 7.4296875 9.5 z\"><\/path><\/svg><\/span>\t\t\t\t<\/div>\n\t\t\t<\/button>\n\t\t\t<div class=\"faq-answer flexible-faq\">\n\t\t\t\t<div class=\"q-a-separator\"><\/div>\t\t\t\t<div class=\"faq-inner-answer\">\n\t\t\t\t\t\t<p>Sch\u00f6n, dass Du Dich f\u00fcr die Imkerei und Honigbienen interessierst. Wir bitten Dich <strong>bevor<\/strong> Du mit der Bienenhaltung beginnst, Dich ausf\u00fchrlich \u00fcber Bienen und die Haltung von Honigbienen zu informieren. Der Imkerverein Friedberg und Umgebung bietet dazu am Anfang eines Jahres eine Informationsveranstaltung an. Infos dazu auf unserer Webseite unter <a href=\"https:\/\/www.imkerverein-friedberg.de\/?page_id=1802\">Einstieg in die Imkerei<\/a>. <strong>2025 findet leider keine Informationsveranstaltung statt.<\/strong><\/p>\n\t\t<\/div>\n\t\t\t<\/div>\n\t\t<\/div>\n\t\t\t\t\t<div class=\"faq-separator\"><\/div>\t\t<div class=\"flexible-faq-wrapper faq-2\">\n\t\t\t<button id=\"faq-q-btn-69df33fe7162d-2\" class=\"faq-question flexible-faq\" aria-expanded=\"false\"  aria-controls=\"faq-69df33fe7162d-2\">\n\t\t\t\t<div class=\"faq-inner-question\">\n\t\t\t\t\t<span class=\"question-text\">Mist. Die Einf\u00fchrungsveranstaltung in die Imkerei findet erst n\u00e4chstes Jahr wieder statt. Was mache ich jetzt?<\/span>\n\t\t\t\t\t<span class=\"faq-question-expand\"><svg class=\"faq-expand-img closed arrow1\" xmlns=\"https:\/\/www.w3.org\/2000\/svg\" x=\"0px\" y=\"0px\" viewBox=\"0 0 24 24\"><path class=\"icon-color\" d=\"M 7.4296875 9.5 L 5.9296875 11 L 12 17.070312 L 18.070312 11 L 16.570312 9.5 L 12 14.070312 L 7.4296875 9.5 z\"><\/path><\/svg><svg class=\"faq-expand-img expanded arrow1\" xmlns=\"https:\/\/www.w3.org\/2000\/svg\" x=\"0px\" y=\"0px\" viewBox=\"0 0 24 24\"><path class=\"icon-color\" d=\"M 7.4296875 9.5 L 5.9296875 11 L 12 17.070312 L 18.070312 11 L 16.570312 9.5 L 12 14.070312 L 7.4296875 9.5 z\"><\/path><\/svg><\/span>\t\t\t\t<\/div>\n\t\t\t<\/button>\n\t\t\t<div class=\"faq-answer flexible-faq\">\n\t\t\t\t<div class=\"q-a-separator\"><\/div>\t\t\t\t<div class=\"faq-inner-answer\">\n\t\t\t\t\t\t<p>Ruf uns einfach mal an: Tel. 06033\/9262 806. Oder schreibe uns eine <a href=\"mailto:kontakt@imkerverein-friedberg.de\">Mail<\/a>.<\/p>\n\t\t<\/div>\n\t\t\t<\/div>\n\t\t<\/div>\n\t\t\t\t\t<div class=\"faq-separator\"><\/div>\t\t<div class=\"flexible-faq-wrapper faq-3\">\n\t\t\t<button id=\"faq-q-btn-69df33fe7162d-3\" class=\"faq-question flexible-faq\" aria-expanded=\"false\"  aria-controls=\"faq-69df33fe7162d-3\">\n\t\t\t\t<div class=\"faq-inner-question\">\n\t\t\t\t\t<span class=\"question-text\">Ich will mit der Imkerei anfangen. Was kostet mich das eigentlich?<\/span>\n\t\t\t\t\t<span class=\"faq-question-expand\"><svg class=\"faq-expand-img closed arrow1\" xmlns=\"https:\/\/www.w3.org\/2000\/svg\" x=\"0px\" y=\"0px\" viewBox=\"0 0 24 24\"><path class=\"icon-color\" d=\"M 7.4296875 9.5 L 5.9296875 11 L 12 17.070312 L 18.070312 11 L 16.570312 9.5 L 12 14.070312 L 7.4296875 9.5 z\"><\/path><\/svg><svg class=\"faq-expand-img expanded arrow1\" xmlns=\"https:\/\/www.w3.org\/2000\/svg\" x=\"0px\" y=\"0px\" viewBox=\"0 0 24 24\"><path class=\"icon-color\" d=\"M 7.4296875 9.5 L 5.9296875 11 L 12 17.070312 L 18.070312 11 L 16.570312 9.5 L 12 14.070312 L 7.4296875 9.5 z\"><\/path><\/svg><\/span>\t\t\t\t<\/div>\n\t\t\t<\/button>\n\t\t\t<div class=\"faq-answer flexible-faq\">\n\t\t\t\t<div class=\"q-a-separator\"><\/div>\t\t\t\t<div class=\"faq-inner-answer\">\n\t\t\t\t\t\t<p>Eine grobe Sch\u00e4tzung der Kosten des Einstiegs in die Imkerei findest Du <a href=\"https:\/\/www.imkerverein-friedberg.de\/?page_id=1814\">hier<\/a>.<\/p>\n\t\t<\/div>\n\t\t\t<\/div>\n\t\t<\/div>\n\t\t\t\t\t<div class=\"faq-separator\"><\/div>\t\t<div class=\"flexible-faq-wrapper faq-4\">\n\t\t\t<button id=\"faq-q-btn-69df33fe7162d-4\" class=\"faq-question flexible-faq\" aria-expanded=\"false\"  aria-controls=\"faq-69df33fe7162d-4\">\n\t\t\t\t<div class=\"faq-inner-question\">\n\t\t\t\t\t<span class=\"question-text\">Ich k\u00f6nnte mir vorstellen selbst Bienen zu halten, aber ich w\u00fcrde mich gerne vorab noch mal weiter damit besch\u00e4ftigen. Welche Webseite empfehlt Ihr?<\/span>\n\t\t\t\t\t<span class=\"faq-question-expand\"><svg class=\"faq-expand-img closed arrow1\" xmlns=\"https:\/\/www.w3.org\/2000\/svg\" x=\"0px\" y=\"0px\" viewBox=\"0 0 24 24\"><path class=\"icon-color\" d=\"M 7.4296875 9.5 L 5.9296875 11 L 12 17.070312 L 18.070312 11 L 16.570312 9.5 L 12 14.070312 L 7.4296875 9.5 z\"><\/path><\/svg><svg class=\"faq-expand-img expanded arrow1\" xmlns=\"https:\/\/www.w3.org\/2000\/svg\" x=\"0px\" y=\"0px\" viewBox=\"0 0 24 24\"><path class=\"icon-color\" d=\"M 7.4296875 9.5 L 5.9296875 11 L 12 17.070312 L 18.070312 11 L 16.570312 9.5 L 12 14.070312 L 7.4296875 9.5 z\"><\/path><\/svg><\/span>\t\t\t\t<\/div>\n\t\t\t<\/button>\n\t\t\t<div class=\"faq-answer flexible-faq\">\n\t\t\t\t<div class=\"q-a-separator\"><\/div>\t\t\t\t<div class=\"faq-inner-answer\">\n\t\t\t\t\t\t<p>Das ist doch schon mal ein guter Ansatz. Wir empfehlen sich vor Anschaffung von Bienen sich ausf\u00fchrlich \u00fcber die Bienenhaltung zu informieren. Um sich schon mal mit der Theorie der Bienenhaltung zu besch\u00e4ftigen empfehlen wir den <strong>Online-Schnupperkurs Imkerei<\/strong> und die <strong>Online-Anf\u00e4ngerschulung<\/strong> auf der Webseite <a href=\"https:\/\/www.die-honigmacher.de\" target=\"_blank\" rel=\"noopener noreferrer\">\u201cDie Honigmacher\u201d<\/a>.<\/p>\n\t\t<\/div>\n\t\t\t<\/div>\n\t\t<\/div>\n\t\t\t\t\t<div class=\"faq-separator\"><\/div>\t\t<div class=\"flexible-faq-wrapper faq-5\">\n\t\t\t<button id=\"faq-q-btn-69df33fe7162d-5\" class=\"faq-question flexible-faq\" aria-expanded=\"false\"  aria-controls=\"faq-69df33fe7162d-5\">\n\t\t\t\t<div class=\"faq-inner-question\">\n\t\t\t\t\t<span class=\"question-text\">Jetzt fange ich an mit der Imkerei. Woher bekomme ich Bienen?<\/span>\n\t\t\t\t\t<span class=\"faq-question-expand\"><svg class=\"faq-expand-img closed arrow1\" xmlns=\"https:\/\/www.w3.org\/2000\/svg\" x=\"0px\" y=\"0px\" viewBox=\"0 0 24 24\"><path class=\"icon-color\" d=\"M 7.4296875 9.5 L 5.9296875 11 L 12 17.070312 L 18.070312 11 L 16.570312 9.5 L 12 14.070312 L 7.4296875 9.5 z\"><\/path><\/svg><svg class=\"faq-expand-img expanded arrow1\" xmlns=\"https:\/\/www.w3.org\/2000\/svg\" x=\"0px\" y=\"0px\" viewBox=\"0 0 24 24\"><path class=\"icon-color\" d=\"M 7.4296875 9.5 L 5.9296875 11 L 12 17.070312 L 18.070312 11 L 16.570312 9.5 L 12 14.070312 L 7.4296875 9.5 z\"><\/path><\/svg><\/span>\t\t\t\t<\/div>\n\t\t\t<\/button>\n\t\t\t<div class=\"faq-answer flexible-faq\">\n\t\t\t\t<div class=\"q-a-separator\"><\/div>\t\t\t\t<div class=\"faq-inner-answer\">\n\t\t\t\t\t\t<p>Bist Du Dir sicher, dass Du alle Voraussetzungen f\u00fcr die Bienenhaltung erf\u00fcllst? Du weisst, was auf Dich zukommt? Du hast die Verantwortung f\u00fcr \u00fcber 50000 Bienen pro Volk! Falls nicht, frage nach! Z.B. bei unseren <a href=\"https:\/\/www.imkerverein-friedberg.de\/?page_id=74\">Imkerberater*innen<\/a>.<\/p>\n<p>Bei Interesse an V\u00f6lkern oder Ablegern wendet Euch bitte\u00a0per Mail an <a class=\"mailto-link\" href=\"mailto:anfragen@imkerverein-friedberg.de\">anfragen@imkerverein-friedberg.de<\/a> oder schaut auf unseren <a href=\"https:\/\/www.imkerverein-friedberg.de\/?page_id=567\">Marktplatz<\/a>.<\/p>\n<p>Bitte fragt auch bei K\u00e4ufen aus der Region nach einem Gesundheitszeugnis!<\/p>\n<p>Bitte kauft keine Paketbienen (Kunstschw\u00e4rme) aus Italien! Importe aus Italien bergen das Risiko einer Einschleppung des Kleinen Beutenk\u00e4fers (einer der gef\u00fcrchtetsten Bienenparasiten)!<\/p>\n\t\t<\/div>\n\t\t\t<\/div>\n\t\t<\/div>\n\t\t\t\t\t<div class=\"faq-separator\"><\/div>\t\t<div class=\"flexible-faq-wrapper faq-6\">\n\t\t\t<button id=\"faq-q-btn-69df33fe7162d-6\" class=\"faq-question flexible-faq\" aria-expanded=\"false\"  aria-controls=\"faq-69df33fe7162d-6\">\n\t\t\t\t<div class=\"faq-inner-question\">\n\t\t\t\t\t<span class=\"question-text\">Ich will einfach mal einer Imkerin oder einem Imker \u00fcber die Schulter gucken. Wo kann ich das?<\/span>\n\t\t\t\t\t<span class=\"faq-question-expand\"><svg class=\"faq-expand-img closed arrow1\" xmlns=\"https:\/\/www.w3.org\/2000\/svg\" x=\"0px\" y=\"0px\" viewBox=\"0 0 24 24\"><path class=\"icon-color\" d=\"M 7.4296875 9.5 L 5.9296875 11 L 12 17.070312 L 18.070312 11 L 16.570312 9.5 L 12 14.070312 L 7.4296875 9.5 z\"><\/path><\/svg><svg class=\"faq-expand-img expanded arrow1\" xmlns=\"https:\/\/www.w3.org\/2000\/svg\" x=\"0px\" y=\"0px\" viewBox=\"0 0 24 24\"><path class=\"icon-color\" d=\"M 7.4296875 9.5 L 5.9296875 11 L 12 17.070312 L 18.070312 11 L 16.570312 9.5 L 12 14.070312 L 7.4296875 9.5 z\"><\/path><\/svg><\/span>\t\t\t\t<\/div>\n\t\t\t<\/button>\n\t\t\t<div class=\"faq-answer flexible-faq\">\n\t\t\t\t<div class=\"q-a-separator\"><\/div>\t\t\t\t<div class=\"faq-inner-answer\">\n\t\t\t\t\t\t<p>Wir versuchen jedes Jahr mehrere Termine anzubieten, bei denen wir an unserem Vereinsbienenstand in Friedberg-Dorheim dazu die M\u00f6glichkeit bieten. Da wir das als Verein ehrenamtlich machen k\u00f6nnen wir keine festen Termine nennen. Ruf uns einfach mal an. Kontakte findest Du unter <a href=\"https:\/\/www.imkerverein-friedberg.de\/?page_id=30\">Kontakte<\/a>.<\/p>\n\t\t<\/div>\n\t\t\t<\/div>\n\t\t<\/div>\n\t\t\t\t\t\t\t<div class=\"faq-separator\"><\/div>\t<\/div>\n<\/div>\n\t\t\n<p>Keine Antwort gefunden? Unter <a href=\"https:\/\/www.imkerverein-friedberg.de\/?page_id=30\">Kontakte<\/a> findest Du unsere\u00a0Ansprechpartner*innen.<\/p>\n","protected":false},"excerpt":{"rendered":"<p>Hier findet Ihr Antworten auf Eure Fragen zum Einstieg in die Imkerei. Zur\u00fcck zu den Fagen &amp; Antworten Keine Antwort gefunden? Unter Kontakte findest Du unsere\u00a0Ansprechpartner*innen.<\/p>\n","protected":false},"author":1,"featured_media":0,"parent":0,"menu_order":0,"comment_status":"closed","ping_status":"closed","template":"","meta":{"wpgo_faq_disable_schema":false},"_links":{"self":[{"href":"https:\/\/www.imkerverein-friedberg.de\/index.php?rest_route=\/wp\/v2\/pages\/2645"}],"collection":[{"href":"https:\/\/www.imkerverein-friedberg.de\/index.php?rest_route=\/wp\/v2\/pages"}],"about":[{"href":"https:\/\/www.imkerverein-friedberg.de\/index.php?rest_route=\/wp\/v2\/types\/page"}],"author":[{"embeddable":true,"href":"https:\/\/www.imkerverein-friedberg.de\/index.php?rest_route=\/wp\/v2\/users\/1"}],"replies":[{"embeddable":true,"href":"https:\/\/www.imkerverein-friedberg.de\/index.php?rest_route=%2Fwp%2Fv2%2Fcomments&post=2645"}],"version-history":[{"count":4,"href":"https:\/\/www.imkerverein-friedberg.de\/index.php?rest_route=\/wp\/v2\/pages\/2645\/revisions"}],"predecessor-version":[{"id":2658,"href":"https:\/\/www.imkerverein-friedberg.de\/index.php?rest_route=\/wp\/v2\/pages\/2645\/revisions\/2658"}],"wp:attachment":[{"href":"https:\/\/www.imkerverein-friedberg.de\/index.php?rest_route=%2Fwp%2Fv2%2Fmedia&parent=2645"}],"curies":[{"name":"wp","href":"https:\/\/api.w.org\/{rel}","templated":true}]}}