{"id":2633,"date":"2023-01-13T18:00:42","date_gmt":"2023-01-13T17:00:42","guid":{"rendered":"https:\/\/www.imkerverein-friedberg.de\/?page_id=2633"},"modified":"2023-01-14T18:05:52","modified_gmt":"2023-01-14T17:05:52","slug":"faq-mitgliedschaft-im-imkerverein-friedberg-und-umgebung-e-v","status":"publish","type":"page","link":"https:\/\/www.imkerverein-friedberg.de\/?page_id=2633","title":{"rendered":"FAQ Mitgliedschaft im Imkerverein Friedberg und Umgebung e.V."},"content":{"rendered":"<p>Zur\u00fcck zu den <a href=\"https:\/\/www.imkerverein-friedberg.de\/?page_id=2622\">Fagen &amp; Antworten<\/a><\/p>\n<p>Hier findet Ihr Antworten auf Eure Fragen zur Mitgliedschaft im Imkerverein Friedberg und Umgebung e.V.<\/p>\n<div id=\"faq-69df368769d67\" class=\"flexible-faq-container faq-expandable faq-text-style\">\n\t\t<h2 class=\"faq-title\">Mitgliedschaft<\/h2>\t<div class=\"flexible-faq-outer-wrapper\">\n\t\t<div class=\"faq-separator\"><\/div>\t\t<div class=\"flexible-faq-wrapper faq-1\">\n\t\t\t<button id=\"faq-q-btn-69df368769d67-1\" class=\"faq-question flexible-faq\" aria-expanded=\"false\"  aria-controls=\"faq-69df368769d67-1\">\n\t\t\t\t<div class=\"faq-inner-question\">\n\t\t\t\t\t<span class=\"question-text\">Ich m\u00f6chte Mitglied im Imkerverein Friedberg und Umgebung e.V. werden. Was mu\u00df ich tun?<\/span>\n\t\t\t\t\t<span class=\"faq-question-expand\"><svg class=\"faq-expand-img closed arrow1\" xmlns=\"https:\/\/www.w3.org\/2000\/svg\" x=\"0px\" y=\"0px\" viewBox=\"0 0 24 24\"><path class=\"icon-color\" d=\"M 7.4296875 9.5 L 5.9296875 11 L 12 17.070312 L 18.070312 11 L 16.570312 9.5 L 12 14.070312 L 7.4296875 9.5 z\"><\/path><\/svg><svg class=\"faq-expand-img expanded arrow1\" xmlns=\"https:\/\/www.w3.org\/2000\/svg\" x=\"0px\" y=\"0px\" viewBox=\"0 0 24 24\"><path class=\"icon-color\" d=\"M 7.4296875 9.5 L 5.9296875 11 L 12 17.070312 L 18.070312 11 L 16.570312 9.5 L 12 14.070312 L 7.4296875 9.5 z\"><\/path><\/svg><\/span>\t\t\t\t<\/div>\n\t\t\t<\/button>\n\t\t\t<div class=\"faq-answer flexible-faq\">\n\t\t\t\t<div class=\"q-a-separator\"><\/div>\t\t\t\t<div class=\"faq-inner-answer\">\n\t\t\t\t\t\t<p>Es freut uns, dass Du Mitglied werden willst. Auf der Seite <a href=\"https:\/\/www.imkerverein-friedberg.de\/?page_id=45\">Mitgliedschaft<\/a> findest Du eigentlich alles, was Du dazu brauchst. Dort ist auch unsere <a href=\"https:\/\/www.imkerverein-friedberg.de\/wp-content\/uploads\/2025\/01\/Beitrittserk\u00e4rung_20250104.pdf\">Beitrittserkl\u00e4rung<\/a> zu finden. Deine Beitrittserkl\u00e4rung ben\u00f6tigen wir im Original (wegen des Lastschriftmandats). Gerne kannst Du Deine Beitrittserkl\u00e4rung im Vorfeld per Mail schicken. Das Original kannst Du uns dann per Post schicken oder auch auf einem Treffen \u00fcbergeben.<\/p>\n<p>&nbsp;<\/p>\n\t\t<\/div>\n\t\t\t<\/div>\n\t\t<\/div>\n\t\t\t\t\t<div class=\"faq-separator\"><\/div>\t\t<div class=\"flexible-faq-wrapper faq-2\">\n\t\t\t<button id=\"faq-q-btn-69df368769d67-2\" class=\"faq-question flexible-faq\" aria-expanded=\"false\"  aria-controls=\"faq-69df368769d67-2\">\n\t\t\t\t<div class=\"faq-inner-question\">\n\t\t\t\t\t<span class=\"question-text\">Ich m\u00f6chte meine Mitgliedschaft im Imkerverein Friedberg und Umgebung e.V. k\u00fcndigen. Was mu\u00df ich tun?<\/span>\n\t\t\t\t\t<span class=\"faq-question-expand\"><svg class=\"faq-expand-img closed arrow1\" xmlns=\"https:\/\/www.w3.org\/2000\/svg\" x=\"0px\" y=\"0px\" viewBox=\"0 0 24 24\"><path class=\"icon-color\" d=\"M 7.4296875 9.5 L 5.9296875 11 L 12 17.070312 L 18.070312 11 L 16.570312 9.5 L 12 14.070312 L 7.4296875 9.5 z\"><\/path><\/svg><svg class=\"faq-expand-img expanded arrow1\" xmlns=\"https:\/\/www.w3.org\/2000\/svg\" x=\"0px\" y=\"0px\" viewBox=\"0 0 24 24\"><path class=\"icon-color\" d=\"M 7.4296875 9.5 L 5.9296875 11 L 12 17.070312 L 18.070312 11 L 16.570312 9.5 L 12 14.070312 L 7.4296875 9.5 z\"><\/path><\/svg><\/span>\t\t\t\t<\/div>\n\t\t\t<\/button>\n\t\t\t<div class=\"faq-answer flexible-faq\">\n\t\t\t\t<div class=\"q-a-separator\"><\/div>\t\t\t\t<div class=\"faq-inner-answer\">\n\t\t\t\t\t\t<p>Laut unserer <a href=\"https:\/\/www.imkerverein-friedberg.de\/?page_id=78\">Satzung<\/a> ist ein Austritt nur zum Jahresende mit einer K\u00fcndigungsfrist von drei Monaten m\u00f6glich. Das letzte K\u00fcndigungdatum ist also der 30.09. des jeweiligen Kalenderjahres. Bitte teile uns Deine K\u00fcndigung schriftlich mit.<\/p>\n\t\t<\/div>\n\t\t\t<\/div>\n\t\t<\/div>\n\t\t\t\t\t<div class=\"faq-separator\"><\/div>\t\t<div class=\"flexible-faq-wrapper faq-3\">\n\t\t\t<button id=\"faq-q-btn-69df368769d67-3\" class=\"faq-question flexible-faq\" aria-expanded=\"false\"  aria-controls=\"faq-69df368769d67-3\">\n\t\t\t\t<div class=\"faq-inner-question\">\n\t\t\t\t\t<span class=\"question-text\">Ich m\u00f6chte den Verein wechseln. Was mu\u00df ich tun?<\/span>\n\t\t\t\t\t<span class=\"faq-question-expand\"><svg class=\"faq-expand-img closed arrow1\" xmlns=\"https:\/\/www.w3.org\/2000\/svg\" x=\"0px\" y=\"0px\" viewBox=\"0 0 24 24\"><path class=\"icon-color\" d=\"M 7.4296875 9.5 L 5.9296875 11 L 12 17.070312 L 18.070312 11 L 16.570312 9.5 L 12 14.070312 L 7.4296875 9.5 z\"><\/path><\/svg><svg class=\"faq-expand-img expanded arrow1\" xmlns=\"https:\/\/www.w3.org\/2000\/svg\" x=\"0px\" y=\"0px\" viewBox=\"0 0 24 24\"><path class=\"icon-color\" d=\"M 7.4296875 9.5 L 5.9296875 11 L 12 17.070312 L 18.070312 11 L 16.570312 9.5 L 12 14.070312 L 7.4296875 9.5 z\"><\/path><\/svg><\/span>\t\t\t\t<\/div>\n\t\t\t<\/button>\n\t\t\t<div class=\"faq-answer flexible-faq\">\n\t\t\t\t<div class=\"q-a-separator\"><\/div>\t\t\t\t<div class=\"faq-inner-answer\">\n\t\t\t\t\t\t<p>Das kommt darauf an, ob Du zu unserem Verein wechseln willst oder von uns zu einem anderen Imkerverein in Hessen. Am einfachsten ist ein Vereinswechsel zum Jahresende. Bist Du Mitglied in einem anderen Imkerverein in Hessen und willst nun Mitglied bei uns werden, dann f\u00fclle bitte das entsprechende <a href=\"https:\/\/www.imkerverein-friedberg.de\/wp-content\/uploads\/2021\/09\/Ummeldung_Imkerverein_Friedberg_v20210921_ivfb_ai.pdf\">Formular<\/a> aus und lasse es uns zukommen. Bei Deinem alten Verein k\u00fcndigst Du dann. Du bist Mitglied bei uns und willst in einen anderen Imkerverein in Hessen wechseln? Dann kl\u00e4rst Du das Vorgehen am besten mit dem neuen Verein. Wir ben\u00f6tigen in diesem Fall dann eine Erkl\u00e4rung Deines Austritts.<\/p>\n\t\t<\/div>\n\t\t\t<\/div>\n\t\t<\/div>\n\t\t\t\t\t<div class=\"faq-separator\"><\/div>\t\t<div class=\"flexible-faq-wrapper faq-4\">\n\t\t\t<button id=\"faq-q-btn-69df368769d67-4\" class=\"faq-question flexible-faq\" aria-expanded=\"false\"  aria-controls=\"faq-69df368769d67-4\">\n\t\t\t\t<div class=\"faq-inner-question\">\n\t\t\t\t\t<span class=\"question-text\">Ich habe jetzt mehr\/weniger V\u00f6lker. Wo kann ich das melden?<\/span>\n\t\t\t\t\t<span class=\"faq-question-expand\"><svg class=\"faq-expand-img closed arrow1\" xmlns=\"https:\/\/www.w3.org\/2000\/svg\" x=\"0px\" y=\"0px\" viewBox=\"0 0 24 24\"><path class=\"icon-color\" d=\"M 7.4296875 9.5 L 5.9296875 11 L 12 17.070312 L 18.070312 11 L 16.570312 9.5 L 12 14.070312 L 7.4296875 9.5 z\"><\/path><\/svg><svg class=\"faq-expand-img expanded arrow1\" xmlns=\"https:\/\/www.w3.org\/2000\/svg\" x=\"0px\" y=\"0px\" viewBox=\"0 0 24 24\"><path class=\"icon-color\" d=\"M 7.4296875 9.5 L 5.9296875 11 L 12 17.070312 L 18.070312 11 L 16.570312 9.5 L 12 14.070312 L 7.4296875 9.5 z\"><\/path><\/svg><\/span>\t\t\t\t<\/div>\n\t\t\t<\/button>\n\t\t\t<div class=\"faq-answer flexible-faq\">\n\t\t\t\t<div class=\"q-a-separator\"><\/div>\t\t\t\t<div class=\"faq-inner-answer\">\n\t\t\t\t\t\t<p>Du bist Mitglied des Imkerverein Friedberg und Umgebung e.V.<\/p>\n<p>Dann sendest Du bitte eine Mail mit dem Subject &#8216;<em>V\u00f6lkerzahl\u00e4nderung<\/em>&#8216; an <a href=\"mailto:kontakt@imkerverein-friedberg.de\">kontakt@imkerverein-friedberg.de<\/a>.<\/p>\n<p>Weitere Informationen findest Du unter <a href=\"https:\/\/www.imkerverein-friedberg.de\/?page_id=910\">V\u00f6lkerzahlmeldung<\/a>. Durch die \u00c4nderung Deiner V\u00f6lkerzahl \u00e4ndert sich auch Dein Mitgliedsbeitrag. Eine \u00dcbersicht \u00fcber die Zusammensetzung des Mitgliedsbeitrages findest Du unter <a href=\"https:\/\/www.imkerverein-friedberg.de\/?page_id=45\">Mitgliedschaft<\/a> (dort unter <em>Beitr\u00e4ge<\/em>).<\/p>\n\t\t<\/div>\n\t\t\t<\/div>\n\t\t<\/div>\n\t\t\t\t\t<div class=\"faq-separator\"><\/div>\t\t<div class=\"flexible-faq-wrapper faq-5\">\n\t\t\t<button id=\"faq-q-btn-69df368769d67-5\" class=\"faq-question flexible-faq\" aria-expanded=\"false\"  aria-controls=\"faq-69df368769d67-5\">\n\t\t\t\t<div class=\"faq-inner-question\">\n\t\t\t\t\t<span class=\"question-text\">Zur Anmeldung f\u00fcr Kurse des Landesverband Hessischer Imker (Grundkurs, Aufbaukurs, Honiglehrgang) brauche ich jetzt eine Registrierungsnummer des Veterin\u00e4ramtes. Wie komme ich an diese Registrierungsnummer?<\/span>\n\t\t\t\t\t<span class=\"faq-question-expand\"><svg class=\"faq-expand-img closed arrow1\" xmlns=\"https:\/\/www.w3.org\/2000\/svg\" x=\"0px\" y=\"0px\" viewBox=\"0 0 24 24\"><path class=\"icon-color\" d=\"M 7.4296875 9.5 L 5.9296875 11 L 12 17.070312 L 18.070312 11 L 16.570312 9.5 L 12 14.070312 L 7.4296875 9.5 z\"><\/path><\/svg><svg class=\"faq-expand-img expanded arrow1\" xmlns=\"https:\/\/www.w3.org\/2000\/svg\" x=\"0px\" y=\"0px\" viewBox=\"0 0 24 24\"><path class=\"icon-color\" d=\"M 7.4296875 9.5 L 5.9296875 11 L 12 17.070312 L 18.070312 11 L 16.570312 9.5 L 12 14.070312 L 7.4296875 9.5 z\"><\/path><\/svg><\/span>\t\t\t\t<\/div>\n\t\t\t<\/button>\n\t\t\t<div class=\"faq-answer flexible-faq\">\n\t\t\t\t<div class=\"q-a-separator\"><\/div>\t\t\t\t<div class=\"faq-inner-answer\">\n\t\t\t\t\t\t<p>Neu ist, dass Ihr bei der Anmeldung zu Kursen des Landesverbands auch die Registriernummer des Veterin\u00e4ramtes angeben sollt (im Anmeldeformular als Betriebsst\u00e4ttennr. bezeichnet). Siehe dazu auch <a class=\"moz-txt-link-freetext\" href=\"https:\/\/www.imkerverein-friedberg.de\/?p=2883\">https:\/\/www.imkerverein-friedberg.de\/?p=2883<\/a>. Die Registriernummer solltet Ihr bekommen haben, wenn Ihr Eure Bienen beim Veterin\u00e4ramt gemeldet habt (<a href=\"https:\/\/www.gesetze-im-internet.de\/bienseuchv\/__1a.html\">BienSeuchV <\/a><span class=\"jnenbez\">\u00a7 1a).<\/span><\/p>\n<p>Um die Registriernummer gab es viel Hickhack. Es ist jetzt scheinbar so, dass man bei der Anmeldung f\u00fcr Kurse, die f\u00fcr Anf\u00e4nger*innen auch ohne eigene Bienen geeignet sind, die Registriernummer nicht angegeben muss (sofern Ihr auch wirklich keine Bienen habt). Allerdings werden Anmeldungen mit Registriernummer favorisiert ber\u00fccksichtigt. F\u00fcr Anf\u00e4nger*innen ist nur der Grundkurs geeignet. Habt Ihr bereits Bienen, solltet Ihr die selbstverst\u00e4ndlich auch schon beim Veterin\u00e4ramt gemeldet haben. Dann solltet Ihr auch eine Registriernummer erhalten haben. (Nochmals: siehe <a class=\"moz-txt-link-freetext\" href=\"https:\/\/www.imkerverein-friedberg.de\/?p=2883\">https:\/\/www.imkerverein-friedberg.de\/?p=2883<\/a>)<\/p>\n\t\t<\/div>\n\t\t\t<\/div>\n\t\t<\/div>\n\t\t\t\t\t<div class=\"faq-separator\"><\/div>\t\t<div class=\"flexible-faq-wrapper faq-6\">\n\t\t\t<button id=\"faq-q-btn-69df368769d67-6\" class=\"faq-question flexible-faq\" aria-expanded=\"false\"  aria-controls=\"faq-69df368769d67-6\">\n\t\t\t\t<div class=\"faq-inner-question\">\n\t\t\t\t\t<span class=\"question-text\">Ich brauche meine Mitgliedsnummer!<\/span>\n\t\t\t\t\t<span class=\"faq-question-expand\"><svg class=\"faq-expand-img closed arrow1\" xmlns=\"https:\/\/www.w3.org\/2000\/svg\" x=\"0px\" y=\"0px\" viewBox=\"0 0 24 24\"><path class=\"icon-color\" d=\"M 7.4296875 9.5 L 5.9296875 11 L 12 17.070312 L 18.070312 11 L 16.570312 9.5 L 12 14.070312 L 7.4296875 9.5 z\"><\/path><\/svg><svg class=\"faq-expand-img expanded arrow1\" xmlns=\"https:\/\/www.w3.org\/2000\/svg\" x=\"0px\" y=\"0px\" viewBox=\"0 0 24 24\"><path class=\"icon-color\" d=\"M 7.4296875 9.5 L 5.9296875 11 L 12 17.070312 L 18.070312 11 L 16.570312 9.5 L 12 14.070312 L 7.4296875 9.5 z\"><\/path><\/svg><\/span>\t\t\t\t<\/div>\n\t\t\t<\/button>\n\t\t\t<div class=\"faq-answer flexible-faq\">\n\t\t\t\t<div class=\"q-a-separator\"><\/div>\t\t\t\t<div class=\"faq-inner-answer\">\n\t\t\t\t\t\t<p>Eigentlich solltest Du Deine Mitgliedsnummer in der Willkommensmail erhalten haben. Wenn nicht, frag nach. Schreib bitte eine Mail an mitgliedschaft@imkerverein-friedberg.de. Nenne in der Mail bitte Deinen Vor- und Nachname. Wir schicken Dir Deine Mitgliedsnummer an die bei uns eingetragene Mailadresse.<\/p>\n\t\t<\/div>\n\t\t\t<\/div>\n\t\t<\/div>\n\t\t\t\t\t\t\t<div class=\"faq-separator\"><\/div>\t<\/div>\n<\/div>\n\t\t\n<p>Keine Antwort gefunden? Unter <a href=\"https:\/\/www.imkerverein-friedberg.de\/?page_id=30\">Kontakte<\/a> findest Du unsere\u00a0Ansprechpartner*innen.<\/p>\n","protected":false},"excerpt":{"rendered":"<p>Zur\u00fcck zu den Fagen &amp; Antworten Hier findet Ihr Antworten auf Eure Fragen zur Mitgliedschaft im Imkerverein Friedberg und Umgebung e.V. Keine Antwort gefunden? Unter Kontakte findest Du unsere\u00a0Ansprechpartner*innen.<\/p>\n","protected":false},"author":1,"featured_media":0,"parent":0,"menu_order":0,"comment_status":"closed","ping_status":"closed","template":"","meta":{"wpgo_faq_disable_schema":false},"_links":{"self":[{"href":"https:\/\/www.imkerverein-friedberg.de\/index.php?rest_route=\/wp\/v2\/pages\/2633"}],"collection":[{"href":"https:\/\/www.imkerverein-friedberg.de\/index.php?rest_route=\/wp\/v2\/pages"}],"about":[{"href":"https:\/\/www.imkerverein-friedberg.de\/index.php?rest_route=\/wp\/v2\/types\/page"}],"author":[{"embeddable":true,"href":"https:\/\/www.imkerverein-friedberg.de\/index.php?rest_route=\/wp\/v2\/users\/1"}],"replies":[{"embeddable":true,"href":"https:\/\/www.imkerverein-friedberg.de\/index.php?rest_route=%2Fwp%2Fv2%2Fcomments&post=2633"}],"version-history":[{"count":3,"href":"https:\/\/www.imkerverein-friedberg.de\/index.php?rest_route=\/wp\/v2\/pages\/2633\/revisions"}],"predecessor-version":[{"id":2656,"href":"https:\/\/www.imkerverein-friedberg.de\/index.php?rest_route=\/wp\/v2\/pages\/2633\/revisions\/2656"}],"wp:attachment":[{"href":"https:\/\/www.imkerverein-friedberg.de\/index.php?rest_route=%2Fwp%2Fv2%2Fmedia&parent=2633"}],"curies":[{"name":"wp","href":"https:\/\/api.w.org\/{rel}","templated":true}]}}