{"id":26,"date":"2018-03-29T16:53:09","date_gmt":"2018-03-29T15:53:09","guid":{"rendered":"https:\/\/ivfb.ai1.de\/?page_id=26"},"modified":"2021-11-26T18:38:09","modified_gmt":"2021-11-26T17:38:09","slug":"bienen","status":"publish","type":"page","link":"https:\/\/www.imkerverein-friedberg.de\/?page_id=26","title":{"rendered":"Bienen"},"content":{"rendered":"<h2>Mit Bienen bl\u00fcht uns was!<\/h2>\n<p>Honigbienen sind nicht nur als Honiglieferanten wichtig. Sie sind als Best\u00e4uber von Nutz- und Wildpflanzen unersetzlich. Sie garantieren gute Ernten, sichern die Artenvielfalt und somit die Nahrungsgrundlage f\u00fcr Mensch und Tier.<\/p>\n<p>Das macht sie zu einem bedeutenden Wirtschaftsfaktor. Rund 80% der 2.000 &#8211; 3.000 heimischen Nutz- und Wildpflanzen sind auf die Best\u00e4ubung der Honigiene angewiesen. Der volkswirtschaftliche Nutzen der Best\u00e4ubungsleistung \u00fcbersteigt den Wert der Honigproduktion um das 10- 15-fache. Damit sind Honigbienen nach Rind und Schwein das drittwichtigste Nutztier. (Quelle: Mit Bienen bl\u00fcht das leben. Deutscher Imkerbund e.V.)<\/p>\n<p>Helft uns, die flei\u00dfigen Tiere zu sch\u00fctzen!<\/p>\n","protected":false},"excerpt":{"rendered":"<p>Mit Bienen bl\u00fcht uns was! Honigbienen sind nicht nur als Honiglieferanten wichtig. Sie sind als Best\u00e4uber von Nutz- und Wildpflanzen unersetzlich. Sie garantieren gute Ernten, sichern die Artenvielfalt und somit die Nahrungsgrundlage f\u00fcr Mensch und Tier. Das macht sie zu einem bedeutenden Wirtschaftsfaktor. Rund 80% der 2.000 &#8211; 3.000 heimischen Nutz- und Wildpflanzen sind auf [&hellip;]<\/p>\n","protected":false},"author":1,"featured_media":0,"parent":0,"menu_order":100,"comment_status":"closed","ping_status":"closed","template":"","meta":{"wpgo_faq_disable_schema":false},"_links":{"self":[{"href":"https:\/\/www.imkerverein-friedberg.de\/index.php?rest_route=\/wp\/v2\/pages\/26"}],"collection":[{"href":"https:\/\/www.imkerverein-friedberg.de\/index.php?rest_route=\/wp\/v2\/pages"}],"about":[{"href":"https:\/\/www.imkerverein-friedberg.de\/index.php?rest_route=\/wp\/v2\/types\/page"}],"author":[{"embeddable":true,"href":"https:\/\/www.imkerverein-friedberg.de\/index.php?rest_route=\/wp\/v2\/users\/1"}],"replies":[{"embeddable":true,"href":"https:\/\/www.imkerverein-friedberg.de\/index.php?rest_route=%2Fwp%2Fv2%2Fcomments&post=26"}],"version-history":[{"count":11,"href":"https:\/\/www.imkerverein-friedberg.de\/index.php?rest_route=\/wp\/v2\/pages\/26\/revisions"}],"predecessor-version":[{"id":1846,"href":"https:\/\/www.imkerverein-friedberg.de\/index.php?rest_route=\/wp\/v2\/pages\/26\/revisions\/1846"}],"wp:attachment":[{"href":"https:\/\/www.imkerverein-friedberg.de\/index.php?rest_route=%2Fwp%2Fv2%2Fmedia&parent=26"}],"curies":[{"name":"wp","href":"https:\/\/api.w.org\/{rel}","templated":true}]}}