{"id":21,"date":"2018-03-29T16:50:49","date_gmt":"2018-03-29T15:50:49","guid":{"rendered":"https:\/\/ivfb.ai1.de\/?page_id=21"},"modified":"2024-08-14T18:55:03","modified_gmt":"2024-08-14T16:55:03","slug":"21-2","status":"publish","type":"page","link":"https:\/\/www.imkerverein-friedberg.de\/?page_id=21","title":{"rendered":"Verein"},"content":{"rendered":"<h1>Imkern f\u00fcr Jung und Alt<\/h1>\n<p><img loading=\"lazy\" class=\" size-medium wp-image-467 alignleft\" style=\"line-height: 1.5;\" src=\"https:\/\/www.imkerverein-friedberg.de\/wp-content\/uploads\/2018\/03\/jung_und_alt-300x168.jpg\" alt=\"jung_und_alt\" width=\"300\" height=\"168\" srcset=\"https:\/\/www.imkerverein-friedberg.de\/wp-content\/uploads\/2018\/03\/jung_und_alt-300x168.jpg 300w, https:\/\/www.imkerverein-friedberg.de\/wp-content\/uploads\/2018\/03\/jung_und_alt-1024x572.jpg 1024w, https:\/\/www.imkerverein-friedberg.de\/wp-content\/uploads\/2018\/03\/jung_und_alt-900x503.jpg 900w, https:\/\/www.imkerverein-friedberg.de\/wp-content\/uploads\/2018\/03\/jung_und_alt.jpg 1200w\" sizes=\"(max-width: 300px) 100vw, 300px\" \/>Nicht nur unsere Bienen, auch wir Imker sind ein flei\u00dfiges V\u00f6lkchen. So hat der Imkerverein Friedberg und Umgebung e.V. zu Beginn des Jahres 2024 ca. 250 Mitglieder.<\/p>\n<p>Dass Imkern bekanntlich fit bis ins hohe Alter h\u00e4lt, daf\u00fcr ist die Alterszusammensetzung unserer Vereinsmitglieder der beste Beweis.<\/p>\n","protected":false},"excerpt":{"rendered":"<p>Imkern f\u00fcr Jung und Alt Nicht nur unsere Bienen, auch wir Imker sind ein flei\u00dfiges V\u00f6lkchen. So hat der Imkerverein Friedberg und Umgebung e.V. zu Beginn des Jahres 2024 ca. 250 Mitglieder. Dass Imkern bekanntlich fit bis ins hohe Alter h\u00e4lt, daf\u00fcr ist die Alterszusammensetzung unserer Vereinsmitglieder der beste Beweis.<\/p>\n","protected":false},"author":1,"featured_media":0,"parent":0,"menu_order":500,"comment_status":"closed","ping_status":"closed","template":"","meta":{"wpgo_faq_disable_schema":false},"_links":{"self":[{"href":"https:\/\/www.imkerverein-friedberg.de\/index.php?rest_route=\/wp\/v2\/pages\/21"}],"collection":[{"href":"https:\/\/www.imkerverein-friedberg.de\/index.php?rest_route=\/wp\/v2\/pages"}],"about":[{"href":"https:\/\/www.imkerverein-friedberg.de\/index.php?rest_route=\/wp\/v2\/types\/page"}],"author":[{"embeddable":true,"href":"https:\/\/www.imkerverein-friedberg.de\/index.php?rest_route=\/wp\/v2\/users\/1"}],"replies":[{"embeddable":true,"href":"https:\/\/www.imkerverein-friedberg.de\/index.php?rest_route=%2Fwp%2Fv2%2Fcomments&post=21"}],"version-history":[{"count":12,"href":"https:\/\/www.imkerverein-friedberg.de\/index.php?rest_route=\/wp\/v2\/pages\/21\/revisions"}],"predecessor-version":[{"id":3082,"href":"https:\/\/www.imkerverein-friedberg.de\/index.php?rest_route=\/wp\/v2\/pages\/21\/revisions\/3082"}],"wp:attachment":[{"href":"https:\/\/www.imkerverein-friedberg.de\/index.php?rest_route=%2Fwp%2Fv2%2Fmedia&parent=21"}],"curies":[{"name":"wp","href":"https:\/\/api.w.org\/{rel}","templated":true}]}}