{"id":19,"date":"2018-03-29T16:48:58","date_gmt":"2018-03-29T15:48:58","guid":{"rendered":"https:\/\/ivfb.ai1.de\/?page_id=19"},"modified":"2026-03-09T20:32:14","modified_gmt":"2026-03-09T19:32:14","slug":"warum-wir-im-verein-alle-so-auf-bienen-und-die-imkerei-fliegen","status":"publish","type":"page","link":"https:\/\/www.imkerverein-friedberg.de\/","title":{"rendered":"Warum wir im Verein alle so auf Bienen und die Imkerei fliegen"},"content":{"rendered":"<p><img loading=\"lazy\" src=\"https:\/\/www.imkerverein-friedberg.de\/wp-content\/uploads\/2023\/10\/logo_neu_400x384-300x288.png\" alt=\"\" width=\"163\" height=\"156\" \/><\/p>\n<h3>Willkommen beim Imkerverein Friedberg\/Hessen und Umgebung e.V.!<\/h3>\n<p>Wir haben uns mit Leidenschaft der Imkerei verschrieben. Damit leisten wir einen unverzichtbaren Beitrag f\u00fcr das \u00f6kologische Gleichgewicht unserer heimischen Natur und den Fortbestand unserer Landwirtschaft.<\/p>\n<p>Wir verschaffen uns aber so auch \u2013 nicht ganz uneigenn\u00fctzig \u2013 wertvollen Abstand vom Alltag und pure Erholung, indem wir uns auf die faszinierende Begegnung mit den flei\u00dfigen Tierchen einlassen. Unsere Bienen stehen in G\u00e4rten, auf Streuobstwiesen an verschiedenen Standorten in der Wetterau, ja sogar mitten in der Stadt, wo sie mit der Bl\u00fctenbest\u00e4ubung unsere Natur erbl\u00fchen lassen.<\/p>\n<p>Schauen Sie einer erfahrenen Imkerin oder einem erfahrenen Imker doch mal \u00fcber die Schulter! Oder besuchen Sie uns mit einer Kindergartengruppe oder Schulklasse. Termine und Unkostenbeitrag nach Absprache (<a href=\"mailto:kontakt@imkerverein-friedberg.de\">kontakt@imkerverein-friedberg.de<\/a>).<\/p>\n<p>Vielleicht fliegen Sie ja dann auch bald auf diese wunderbare Freizeitbesch\u00e4ftigung!<\/p>\n<p>Sie wollen selbst mit der Imkerei beginnen?<br \/>\nInformationen finden sie auf unserer Webseite unter <a href=\"https:\/\/www.imkerverein-friedberg.de\/?page_id=1802\">Einstieg in die Imkerei<\/a>.<\/p>\n<p>Retten Sie die Bienen und unterst\u00fctzen Sie uns! Dazu m\u00fcssen Sie nicht selbst Bienen halten. Pflanzen sie (Wild)<a href=\"https:\/\/www.imkerverein-friedberg.de\/?page_id=35\">Bienenfreundliche Pflanzen<\/a>.\u00a0Kaufen sie <a href=\"https:\/\/www.imkerverein-friedberg.de\/?page_id=61\">regionalen Honig<\/a> und unterst\u00fctzen Sie die bienenfreundliche Landwirtschaft!<\/p>\n<p>Werden Sie <a title=\"Mitgliedschaft\" href=\"https:\/\/www.imkerverein-friedberg.de\/?page_id=45\">Mitglied<\/a> oder <a title=\"F\u00f6rdermitgliedschaft\" href=\"https:\/\/www.imkerverein-friedberg.de\/?page_id=47\">F\u00f6rdermitglied<\/a>\u00a0in unserem Verein!<\/p>\n<p>Sie wollen uns kennenlernen? Schauen Sie in unseren\u00a0<a title=\"Termine\" href=\"https:\/\/www.imkerverein-friedberg.de\/?page_id=24\">Kalender<\/a> nach den n\u00e4chsten Terminen oder unter <a title=\"Aktuelles\" href=\"https:\/\/www.imkerverein-friedberg.de\/?page_id=1057\">Aktuelles<\/a>.<\/p>\n","protected":false},"excerpt":{"rendered":"<p>Willkommen beim Imkerverein Friedberg\/Hessen und Umgebung e.V.! Wir haben uns mit Leidenschaft der Imkerei verschrieben. Damit leisten wir einen unverzichtbaren Beitrag f\u00fcr das \u00f6kologische Gleichgewicht unserer heimischen Natur und den Fortbestand unserer Landwirtschaft. Wir verschaffen uns aber so auch \u2013 nicht ganz uneigenn\u00fctzig \u2013 wertvollen Abstand vom Alltag und pure Erholung, indem wir uns auf [&hellip;]<\/p>\n","protected":false},"author":1,"featured_media":0,"parent":21,"menu_order":590,"comment_status":"closed","ping_status":"closed","template":"","meta":{"wpgo_faq_disable_schema":false},"_links":{"self":[{"href":"https:\/\/www.imkerverein-friedberg.de\/index.php?rest_route=\/wp\/v2\/pages\/19"}],"collection":[{"href":"https:\/\/www.imkerverein-friedberg.de\/index.php?rest_route=\/wp\/v2\/pages"}],"about":[{"href":"https:\/\/www.imkerverein-friedberg.de\/index.php?rest_route=\/wp\/v2\/types\/page"}],"author":[{"embeddable":true,"href":"https:\/\/www.imkerverein-friedberg.de\/index.php?rest_route=\/wp\/v2\/users\/1"}],"replies":[{"embeddable":true,"href":"https:\/\/www.imkerverein-friedberg.de\/index.php?rest_route=%2Fwp%2Fv2%2Fcomments&post=19"}],"version-history":[{"count":94,"href":"https:\/\/www.imkerverein-friedberg.de\/index.php?rest_route=\/wp\/v2\/pages\/19\/revisions"}],"predecessor-version":[{"id":3473,"href":"https:\/\/www.imkerverein-friedberg.de\/index.php?rest_route=\/wp\/v2\/pages\/19\/revisions\/3473"}],"up":[{"embeddable":true,"href":"https:\/\/www.imkerverein-friedberg.de\/index.php?rest_route=\/wp\/v2\/pages\/21"}],"wp:attachment":[{"href":"https:\/\/www.imkerverein-friedberg.de\/index.php?rest_route=%2Fwp%2Fv2%2Fmedia&parent=19"}],"curies":[{"name":"wp","href":"https:\/\/api.w.org\/{rel}","templated":true}]}}