{"id":1802,"date":"2021-11-20T16:49:17","date_gmt":"2021-11-20T15:49:17","guid":{"rendered":"https:\/\/www.imkerverein-friedberg.de\/?page_id=1802"},"modified":"2025-10-07T13:40:19","modified_gmt":"2025-10-07T11:40:19","slug":"einstieg-in-die-imkerei","status":"publish","type":"page","link":"https:\/\/www.imkerverein-friedberg.de\/?page_id=1802","title":{"rendered":"Einstieg in die Imkerei"},"content":{"rendered":"<h2>Du \u00fcberlegst selbst Honigbienen zu halten?<\/h2>\n<p>Dann bitten wir Dich, <strong><span style=\"color: #0000ff;\">bevor<\/span><\/strong> Du mit der Bienenhaltung beginnst, Dich ausf\u00fchrlich \u00fcber Bienen und die Haltung von Honigbienen zu informieren.<\/p>\n<h3>Bienengesundheit<\/h3>\n<p>Wenn Du Honigbienen erfolgreich \u00fcber das Jahr bekommen willst sind fundierte Kenntnisse erforderlich. Du \u00fcbernimmst mit der Anschaffung von Bienen die Verantwortung von bis zu 50.000 Bienen pro Volk! Ohne Kenntnisse der Bienenhaltung droht das betreute Bienenvolk zu sterben und Krankheiten k\u00f6nnen sich auch auf Bienenv\u00f6lker benachbarter Bienenst\u00e4nde \u00fcbertragen.<\/p>\n<h3>Eigene Gesundheit<\/h3>\n<p>Selbst die friedfertigsten Bienen stechen mal. Sei es, weil das Wetter nicht geeignet ist, um an den Bienen zu arbeiten oder auch weil man sie ge\u00e4rgert hat.<br \/>\nBei der Bienenhaltung sollte man sich nicht vor eventuellen Stichen scheuen. Du solltest vor dem Begin der Bienenhaltung herausfinden, ob bei Dir eine Insektenstichallergie vorliegt!<\/p>\n<h3>Honigbienendichte<\/h3>\n<p>In einigen Gegenden unseres Vereinsgebiets ist die Honigbienendichte schon so hoch, dass weitere Honigbienenv\u00f6lker die Best\u00e4ubungsleistung nicht weiter erh\u00f6hen k\u00f6nnen und die ausreichende Ern\u00e4hrung weiterer Bienenv\u00f6lker nicht immer gew\u00e4hrleistet werden kann. Andere Imker*innen sind nicht immer begeistert, wenn Ihr in einem Umkreis von einem Kilometer um ihre St\u00e4nde weitere Honigbienen ansiedelt.<\/p>\n<h3>Ausbildung<\/h3>\n<p>Nutze die M\u00f6glichkeit und besuche vor dem Begin der Bienenhaltung unsere <a title=\"Imkerpraxistage\" href=\"https:\/\/www.imkerverein-friedberg.de\/?page_id=55\">Bienenschnuppertage<\/a> in Friedberg\/Hessen. Dort f\u00fchren unsere <a href=\"https:\/\/www.imkerverein-friedberg.de\/?page_id=74\">Imkerberater*innen<\/a> ein in die wunderbare Welt der Bienen. Besuche unsere Treffen und rede mit Imker*innen \u00fcber Deine Pl\u00e4ne.<\/p>\n<p><!-- Nach einem Besuch unserer Einf\u00fchrungsveranstaltung im Fr\u00fchjahr, hast Du die M\u00f6glichkeit gegen einen Geb\u00fchr von 50 \u20ac an unseren Praxistagen im Bienenjahr teilzunehmen. --><\/p>\n<p>Informationsquellen im Internet sollten kritisch hinterfragt werden.<\/p>\n<p>Um sich schon mal mit der Theorie der Bienenhaltung zu besch\u00e4ftigen empfehlen wir den <strong>Online-Schnupperkurs Imkerei<\/strong> und die <strong>Online-Anf\u00e4ngerschulung<\/strong> auf der Webseite <a href=\"https:\/\/www.die-honigmacher.de\" target=\"_blank\" rel=\"noopener noreferrer\">&#8220;Die Honigmacher&#8221;<\/a>.<\/p>\n<p>Der Landesverband Hessischer Imker e.V. bietet Schulungen f\u00fcr den Einstieg in die Imkerei an. Anmeldungen sind vom 20.10. \u2013 20.12. m\u00f6glich unter <a href=\"https:\/\/hessische-imker.de\/aus-und-fortbildung\/kursangebot-des-lhi\/\" target=\"_blank\" rel=\"noopener noreferrer\">Aus- und Fortbildung<\/a>.<\/p>\n<p>Auch das Bieneninstitut in Kirchhain bietet Grundkurse an. Infos dazu <a href=\"https:\/\/llh.hessen.de\/bieneninstitut-kirchhain\/bik\/seminare-lehrgaenge\/\" target=\"_blank\" rel=\"noopener noreferrer\">hier<\/a>.<\/p>\n<h3>Wie komme ich an Bienen?<\/h3>\n<p>Bei Interesse an V\u00f6lkern oder Ablegern wendet Euch bitte\u00a0per Mail an <a class=\"mailto-link\" data-enc-email=\"nasentra[at]vzxreirerva-sevrqoret.qr\" data-wpel-link=\"ignore\"><span id=\"eeb-794750-483136\">anfragen@imkerverein-friedberg.de<\/span><\/a> oder schaut auf unseren <a href=\"https:\/\/www.imkerverein-friedberg.de\/?page_id=567\">Marktplatz<\/a>.<\/p>\n<p>Bitte fragt auch bei K\u00e4ufen aus der Region nach einem Gesundheitszeugnis!<\/p>\n<p>Bitte kauft keine Paketbienen (Kunstschw\u00e4rme) aus Italien!<br \/>\nImporte aus Italien bergen das Risiko einer Einschleppung des Kleinen Beutenk\u00e4fers (einer der gef\u00fcrchtetsten Bienenparasiten)!<\/p>\n<h3>Kosten Einstieg Imkerei<\/h3>\n<p>Einen ungef\u00e4hren \u00dcberblick \u00fcber die Kosten des Einstiegs in die Imkerei geben wir <a href=\"https:\/\/www.imkerverein-friedberg.de\/?page_id=1814\">hier<\/a>.<\/p>\n<blockquote><p>Weitere Information gibt es auch in der Brosch\u00fcre <a href=\"http:\/\/www.llh.hessen.de\/bienenbroschuere\" target=\"_blank\" rel=\"noopener\">\u201eBienen halten in Hessen\u201c<\/a> des Landesbetriebs Landwirtschaft Hessen (LLH)<\/p><\/blockquote>\n","protected":false},"excerpt":{"rendered":"<p>Du \u00fcberlegst selbst Honigbienen zu halten? Dann bitten wir Dich, bevor Du mit der Bienenhaltung beginnst, Dich ausf\u00fchrlich \u00fcber Bienen und die Haltung von Honigbienen zu informieren. Bienengesundheit Wenn Du Honigbienen erfolgreich \u00fcber das Jahr bekommen willst sind fundierte Kenntnisse erforderlich. Du \u00fcbernimmst mit der Anschaffung von Bienen die Verantwortung von bis zu 50.000 Bienen [&hellip;]<\/p>\n","protected":false},"author":1,"featured_media":5,"parent":26,"menu_order":0,"comment_status":"closed","ping_status":"closed","template":"","meta":{"wpgo_faq_disable_schema":false},"_links":{"self":[{"href":"https:\/\/www.imkerverein-friedberg.de\/index.php?rest_route=\/wp\/v2\/pages\/1802"}],"collection":[{"href":"https:\/\/www.imkerverein-friedberg.de\/index.php?rest_route=\/wp\/v2\/pages"}],"about":[{"href":"https:\/\/www.imkerverein-friedberg.de\/index.php?rest_route=\/wp\/v2\/types\/page"}],"author":[{"embeddable":true,"href":"https:\/\/www.imkerverein-friedberg.de\/index.php?rest_route=\/wp\/v2\/users\/1"}],"replies":[{"embeddable":true,"href":"https:\/\/www.imkerverein-friedberg.de\/index.php?rest_route=%2Fwp%2Fv2%2Fcomments&post=1802"}],"version-history":[{"count":50,"href":"https:\/\/www.imkerverein-friedberg.de\/index.php?rest_route=\/wp\/v2\/pages\/1802\/revisions"}],"predecessor-version":[{"id":3394,"href":"https:\/\/www.imkerverein-friedberg.de\/index.php?rest_route=\/wp\/v2\/pages\/1802\/revisions\/3394"}],"up":[{"embeddable":true,"href":"https:\/\/www.imkerverein-friedberg.de\/index.php?rest_route=\/wp\/v2\/pages\/26"}],"wp:featuredmedia":[{"embeddable":true,"href":"https:\/\/www.imkerverein-friedberg.de\/index.php?rest_route=\/wp\/v2\/media\/5"}],"wp:attachment":[{"href":"https:\/\/www.imkerverein-friedberg.de\/index.php?rest_route=%2Fwp%2Fv2%2Fmedia&parent=1802"}],"curies":[{"name":"wp","href":"https:\/\/api.w.org\/{rel}","templated":true}]}}