{"id":147,"date":"2018-04-02T13:45:33","date_gmt":"2018-04-02T12:45:33","guid":{"rendered":"https:\/\/www.imkerverein-friedberg.de\/?page_id=147"},"modified":"2025-10-01T19:11:43","modified_gmt":"2025-10-01T17:11:43","slug":"downloads","status":"publish","type":"page","link":"https:\/\/www.imkerverein-friedberg.de\/?page_id=147","title":{"rendered":"Downloads"},"content":{"rendered":"\r\n<ul>\r\n<li>Unsere Beitrittserkl\u00e4rung finden Sie auf der Seite <a href=\"https:\/\/www.imkerverein-friedberg.de\/?page_id=45\">Mitgliedschaft<\/a><\/li>\r\n<li><a title=\"Einwilligungserkl\u00e4rung\u00a0f\u00fcr die Ver\u00f6ffentlichung von Mitgliederdaten im Internet\" href=\"https:\/\/www.imkerverein-friedberg.de\/wp-content\/uploads\/2018\/04\/Einverstaendnisserklaerung_Daten-1.pdf\" target=\"_blank\" rel=\"alternate noopener noreferrer\">Einwilligungserkl\u00e4rung\u00a0f\u00fcr die Ver\u00f6ffentlichung von Mitgliederdaten im Internet<\/a><\/li>\r\n<li><a href=\"https:\/\/www.imkerverein-friedberg.de\/wp-content\/uploads\/2018\/04\/Satzung_Imkerverein_Friedberg_und_Umgebung_e.V._20180311.pdf\">Satzung<\/a><\/li>\r\n<li><a href=\"https:\/\/www.imkerverein-friedberg.de\/wp-content\/uploads\/2018\/06\/Formblatt-zur-Meldung-der-Bienenv\u00f6lker_2018.pdf\">Formular zu Meldung der Bienenv\u00f6lker beim Veterin\u00e4ramt<\/a>\u00a0(Formular des Wetteraukreises)<\/li>\r\n<li><a href=\"https:\/\/www.imkerverein-friedberg.de\/wp-content\/uploads\/2023\/03\/Konto\u00e4nderung_20230301.pdf\">Sepa-Basis-Lastschriftmandat bei Konto\u00e4nderung<\/a><\/li>\r\n<li><a href=\"https:\/\/www.imkerverein-friedberg.de\/wp-content\/uploads\/2021\/09\/Ummeldung_Imkerverein_Friedberg_v20210921_ivfb_ai.pdf\">Ummeldung von einem anderen hessischen Imkerverein zum Imkerverein Friedberg<\/a><\/li>\r\n<li><a href=\"https:\/\/www.imkerverein-friedberg.de\/wp-content\/uploads\/2023\/03\/Antrag_Foerdermitgliedschaft.pdf\">F\u00f6rdermitgliedschaft<\/a><\/li>\r\n<li>Stockkarte Vereinsbienenstand (<a href=\"https:\/\/www.imkerverein-friedberg.de\/wp-content\/uploads\/2025\/10\/Stockkarte_IV_Friedberg_Vereinsbienenstand_v20251001.pdf\">pdf<\/a>\/<a href=\"https:\/\/www.imkerverein-friedberg.de\/wp-content\/uploads\/2025\/10\/Stockkarte_IV_Friedberg_Vereinsbienenstand_v20251001.ods\">ods<\/a>)<\/li>\r\n<li><a href=\"https:\/\/cdn.llh-hessen.de\/\/bildung\/bieneninstitut-kirchhain\/beratung-und-dienstleistungen\/info-und-arbeitsblaetter\/03-krankheiten-seuchenrecht-vergiftungen\/332%20-%20Bestandsbuch%20Vorlage.pdf\">Bestandsbuch \u00fcber die \u00adAnwendung von Tierarzneimitteln<\/a> (Beispiel des Bieneninstitut Kirchhain)<\/li>\r\n<\/ul>\r\n","protected":false},"excerpt":{"rendered":"<p>Unsere Beitrittserkl\u00e4rung finden Sie auf der Seite Mitgliedschaft Einwilligungserkl\u00e4rung\u00a0f\u00fcr die Ver\u00f6ffentlichung von Mitgliederdaten im Internet Satzung Formular zu Meldung der Bienenv\u00f6lker beim Veterin\u00e4ramt\u00a0(Formular des Wetteraukreises) Sepa-Basis-Lastschriftmandat bei Konto\u00e4nderung Ummeldung von einem anderen hessischen Imkerverein zum Imkerverein Friedberg F\u00f6rdermitgliedschaft Stockkarte Vereinsbienenstand (pdf\/ods) Bestandsbuch \u00fcber die \u00adAnwendung von Tierarzneimitteln (Beispiel des Bieneninstitut Kirchhain)<\/p>\n","protected":false},"author":1,"featured_media":0,"parent":0,"menu_order":700,"comment_status":"closed","ping_status":"closed","template":"full-width-page-template.php","meta":{"wpgo_faq_disable_schema":false},"_links":{"self":[{"href":"https:\/\/www.imkerverein-friedberg.de\/index.php?rest_route=\/wp\/v2\/pages\/147"}],"collection":[{"href":"https:\/\/www.imkerverein-friedberg.de\/index.php?rest_route=\/wp\/v2\/pages"}],"about":[{"href":"https:\/\/www.imkerverein-friedberg.de\/index.php?rest_route=\/wp\/v2\/types\/page"}],"author":[{"embeddable":true,"href":"https:\/\/www.imkerverein-friedberg.de\/index.php?rest_route=\/wp\/v2\/users\/1"}],"replies":[{"embeddable":true,"href":"https:\/\/www.imkerverein-friedberg.de\/index.php?rest_route=%2Fwp%2Fv2%2Fcomments&post=147"}],"version-history":[{"count":28,"href":"https:\/\/www.imkerverein-friedberg.de\/index.php?rest_route=\/wp\/v2\/pages\/147\/revisions"}],"predecessor-version":[{"id":3383,"href":"https:\/\/www.imkerverein-friedberg.de\/index.php?rest_route=\/wp\/v2\/pages\/147\/revisions\/3383"}],"wp:attachment":[{"href":"https:\/\/www.imkerverein-friedberg.de\/index.php?rest_route=%2Fwp%2Fv2%2Fmedia&parent=147"}],"curies":[{"name":"wp","href":"https:\/\/api.w.org\/{rel}","templated":true}]}}