{"id":1449,"date":"2020-08-25T07:56:03","date_gmt":"2020-08-25T05:56:03","guid":{"rendered":"https:\/\/www.imkerverein-friedberg.de\/?page_id=1449"},"modified":"2021-11-26T18:36:26","modified_gmt":"2021-11-26T17:36:26","slug":"meldung-bienenhaltung-beim-veterinaeramt","status":"publish","type":"page","link":"https:\/\/www.imkerverein-friedberg.de\/?page_id=1449","title":{"rendered":"Meldung Bienenhaltung beim Veterin\u00e4ramt"},"content":{"rendered":"<p>Bitte beachtet, dass Ihr nach der <a href=\"https:\/\/www.gesetze-im-internet.de\/bienseuchv\/BJNR005940972.html\" target=\"_blank\" rel=\"noopener noreferrer\">Bienenseuchen-Verordnung<\/a> verpflichtet seit, Eure Bienenhaltung der zust\u00e4ndigen Beh\u00f6rde zu melden. F\u00fcr den Wetteraukreis findet Ihr das Formular zur Meldung Eurer Bienenv\u00f6lker unter<\/p>\n<ul>\n<li><a href=\"https:\/\/www.imkerverein-friedberg.de\/wp-content\/uploads\/2018\/06\/Formblatt-zur-Meldung-der-Bienenv%C3%B6lker_2018.pdf\" target=\"_blank\" rel=\"noopener noreferrer\">Formular zu Meldung der Bienenv\u00f6lker beim Veterin\u00e4ramt<br \/>\n<\/a><\/li>\n<\/ul>\n<p>Die Meldung kann im Wetteraukreis auch per FAX an 06031 832440 oder per Mail an <a href=\"mailto:veterinaeramt@wetteraukreis.de?subject=Meldung%20Bienenv\u00f6lker\">veterinaeramt@wetteraukreis.de<\/a> direkt beim Veterin\u00e4ramt vorgenommen werden.<\/p>\n","protected":false},"excerpt":{"rendered":"<p>Bitte beachtet, dass Ihr nach der Bienenseuchen-Verordnung verpflichtet seit, Eure Bienenhaltung der zust\u00e4ndigen Beh\u00f6rde zu melden. F\u00fcr den Wetteraukreis findet Ihr das Formular zur Meldung Eurer Bienenv\u00f6lker unter Formular zu Meldung der Bienenv\u00f6lker beim Veterin\u00e4ramt Die Meldung kann im Wetteraukreis auch per FAX an 06031 832440 oder per Mail an veterinaeramt@wetteraukreis.de direkt beim Veterin\u00e4ramt vorgenommen [&hellip;]<\/p>\n","protected":false},"author":1,"featured_media":0,"parent":0,"menu_order":0,"comment_status":"closed","ping_status":"closed","template":"","meta":{"wpgo_faq_disable_schema":false},"_links":{"self":[{"href":"https:\/\/www.imkerverein-friedberg.de\/index.php?rest_route=\/wp\/v2\/pages\/1449"}],"collection":[{"href":"https:\/\/www.imkerverein-friedberg.de\/index.php?rest_route=\/wp\/v2\/pages"}],"about":[{"href":"https:\/\/www.imkerverein-friedberg.de\/index.php?rest_route=\/wp\/v2\/types\/page"}],"author":[{"embeddable":true,"href":"https:\/\/www.imkerverein-friedberg.de\/index.php?rest_route=\/wp\/v2\/users\/1"}],"replies":[{"embeddable":true,"href":"https:\/\/www.imkerverein-friedberg.de\/index.php?rest_route=%2Fwp%2Fv2%2Fcomments&post=1449"}],"version-history":[{"count":4,"href":"https:\/\/www.imkerverein-friedberg.de\/index.php?rest_route=\/wp\/v2\/pages\/1449\/revisions"}],"predecessor-version":[{"id":1844,"href":"https:\/\/www.imkerverein-friedberg.de\/index.php?rest_route=\/wp\/v2\/pages\/1449\/revisions\/1844"}],"wp:attachment":[{"href":"https:\/\/www.imkerverein-friedberg.de\/index.php?rest_route=%2Fwp%2Fv2%2Fmedia&parent=1449"}],"curies":[{"name":"wp","href":"https:\/\/api.w.org\/{rel}","templated":true}]}}